{"id":30900,"date":"2023-07-15T09:46:32","date_gmt":"2023-07-15T06:46:32","guid":{"rendered":"https:\/\/robi-agnes.com\/care\/"},"modified":"2025-03-19T10:30:50","modified_gmt":"2025-03-19T08:30:50","slug":"prieziura","status":"publish","type":"page","link":"https:\/\/robi.wizardof.digital\/lt\/prieziura\/","title":{"rendered":"Prie\u017ei\u016bra"},"content":{"rendered":"\t\t<div data-elementor-type=\"wp-page\" data-elementor-id=\"30900\" class=\"elementor elementor-30900 elementor-27783\" data-elementor-post-type=\"page\">\n\t\t\t\t<div class=\"elementor-element elementor-element-305a260e e-con-full e-flex e-con e-parent\" data-id=\"305a260e\" data-element_type=\"container\" data-settings=\"{&quot;background_background&quot;:&quot;classic&quot;}\">\n\t\t\t\t<div class=\"elementor-element elementor-element-5af8696c elementor-widget elementor-widget-heading\" data-id=\"5af8696c\" data-element_type=\"widget\" data-widget_type=\"heading.default\">\n\t\t\t\t\t<h1 class=\"elementor-heading-title elementor-size-default\">Prie\u017ei\u016bra<\/h1>\t\t\t\t<\/div>\n\t\t\t\t<div class=\"elementor-element elementor-element-6f7c4a3e elementor-widget elementor-widget-woocommerce-breadcrumb\" data-id=\"6f7c4a3e\" data-element_type=\"widget\" data-widget_type=\"woocommerce-breadcrumb.default\">\n\t\t\t\t\t<nav class=\"woocommerce-breadcrumb\" aria-label=\"Breadcrumb\">Prad\u017eia<\/nav>\t\t\t\t<\/div>\n\t\t\t\t<\/div>\n\t\t<div class=\"elementor-element elementor-element-11a5ee2d e-flex e-con-boxed e-con e-parent\" data-id=\"11a5ee2d\" data-element_type=\"container\" data-settings=\"{&quot;background_background&quot;:&quot;classic&quot;}\">\n\t\t\t\t\t<div class=\"e-con-inner\">\n\t\t<div class=\"elementor-element elementor-element-410c6c4d e-con-full e-flex e-con e-parent\" data-id=\"410c6c4d\" data-element_type=\"container\">\n\t\t\t\t<div class=\"elementor-element elementor-element-59b17b32 elementor-widget elementor-widget-video\" data-id=\"59b17b32\" data-element_type=\"widget\" data-settings=\"{&quot;youtube_url&quot;:&quot;https:\\\/\\\/www.youtube.com\\\/watch?v=kc49vvcvp2Q&quot;,&quot;video_type&quot;:&quot;youtube&quot;,&quot;controls&quot;:&quot;yes&quot;}\" data-widget_type=\"video.default\">\n\t\t\t\t\t\t\t<div class=\"elementor-wrapper elementor-open-inline\">\n\t\t\t<div class=\"elementor-video\"><\/div>\t\t<\/div>\n\t\t\t\t\t\t<\/div>\n\t\t\t\t<\/div>\n\t\t\t\t\t<\/div>\n\t\t\t\t<\/div>\n\t\t<div class=\"elementor-element elementor-element-6fcb785 e-flex e-con-boxed e-con e-parent\" data-id=\"6fcb785\" data-element_type=\"container\">\n\t\t\t\t\t<div class=\"e-con-inner\">\n\t\t<div class=\"elementor-element elementor-element-cb29da4 e-con-full e-flex e-con e-parent\" data-id=\"cb29da4\" data-element_type=\"container\">\n\t\t\t\t<\/div>\n\t\t<div class=\"elementor-element elementor-element-bb60263 e-con-full e-flex e-con e-parent\" data-id=\"bb60263\" data-element_type=\"container\">\n\t\t\t\t<div class=\"elementor-element elementor-element-24a65ab7 elementor-widget elementor-widget-heading\" data-id=\"24a65ab7\" data-element_type=\"widget\" data-widget_type=\"heading.default\">\n\t\t\t\t\t<h2 class=\"elementor-heading-title elementor-size-default\">PRIE\u017dI\u016aRA<\/h2>\t\t\t\t<\/div>\n\t\t\t\t<div class=\"elementor-element elementor-element-74dc735e elementor-widget elementor-widget-text-editor\" data-id=\"74dc735e\" data-element_type=\"widget\" data-widget_type=\"text-editor.default\">\n\t\t\t\t\t\t\t\t\t<p>ROBI AGNES\u00a0megztiniai\u00a0pagaminti i\u0161 auk\u0161\u010diausios kokyb\u0117s itali\u0161k\u0173 si\u016bl\u0173, kuri\u0173 plauko savyb\u0117s lemia\u00a0\u0161i\u0173\u00a0gamini\u0173\u00a0lengvum\u0105 bei mink\u0161tum\u0105. B\u016btent d\u0117l \u0161ios prie\u017easties su ROBI AGNES megztiniu\u00a0atrodote taip subtiliai ir nepakartojamai!<\/p><p>Kadangi si\u016blai yra su ilgu plauku, ant drabu\u017ei\u0173, d\u0117vim\u0173 po megztiniu, paprastai lieka si\u016bl\u0173 plaukeli\u0173, be to, ant megztinio ilgainiui gali susiformuoti gumuliukai, ir tai yra visi\u0161kai nat\u016bralios tokio si\u016blo savyb\u0117s.<\/p><p>Si\u016blo p\u016bkas nusid\u0117vi su laiku, o p\u016bkavimasis ir v\u0117limasis suma\u017e\u0117ja reguliariai nurenkant nuo megztinio s\u0105v\u0117las arba valant j\u012f sausu valymu.<\/p><p>Tam, kad megztinio nepriekai\u0161tinga i\u0161vaizda Jus d\u017eiugint\u0173 kuo ilgiau, j\u012f b\u016btina tausoti bei pri\u017ei\u016br\u0117ti, o valyti grie\u017etai laikantis prie\u017ei\u016bros etiket\u0117je nurodyt\u0173 reikalavim\u0173.<\/p>\t\t\t\t\t\t\t\t<\/div>\n\t\t\t\t<\/div>\n\t\t<div class=\"elementor-element elementor-element-18411ed e-con-full e-flex e-con e-parent\" data-id=\"18411ed\" data-element_type=\"container\">\n\t\t\t\t<\/div>\n\t\t\t\t\t<\/div>\n\t\t\t\t<\/div>\n\t\t<div class=\"elementor-element elementor-element-49364795 e-flex e-con-boxed e-con e-parent\" data-id=\"49364795\" data-element_type=\"container\" data-settings=\"{&quot;background_background&quot;:&quot;classic&quot;}\">\n\t\t\t\t\t<div class=\"e-con-inner\">\n\t\t<div class=\"elementor-element elementor-element-7a62b317 e-con-full e-flex e-con e-parent\" data-id=\"7a62b317\" data-element_type=\"container\">\n\t\t\t\t<div class=\"elementor-element elementor-element-7c6e4869 elementor-widget elementor-widget-image\" data-id=\"7c6e4869\" data-element_type=\"widget\" data-widget_type=\"image.default\">\n\t\t\t\t\t\t\t\t\t\t\t\t\t\t\t<img fetchpriority=\"high\" decoding=\"async\" width=\"683\" height=\"1024\" src=\"https:\/\/robi.wizardof.digital\/wp-content\/uploads\/2023\/07\/cardigan-Greta-camel-brown1-scaled-1-683x1024.jpg\" class=\"attachment-large size-large wp-image-26939\" alt=\"\" srcset=\"https:\/\/robi.wizardof.digital\/wp-content\/uploads\/2023\/07\/cardigan-Greta-camel-brown1-scaled-1-683x1024.jpg 683w, https:\/\/robi.wizardof.digital\/wp-content\/uploads\/2023\/07\/cardigan-Greta-camel-brown1-scaled-1-200x300.jpg 200w, https:\/\/robi.wizardof.digital\/wp-content\/uploads\/2023\/07\/cardigan-Greta-camel-brown1-scaled-1-768x1152.jpg 768w, https:\/\/robi.wizardof.digital\/wp-content\/uploads\/2023\/07\/cardigan-Greta-camel-brown1-scaled-1-433x649.jpg 433w, https:\/\/robi.wizardof.digital\/wp-content\/uploads\/2023\/07\/cardigan-Greta-camel-brown1-scaled-1-812x1218.jpg 812w, https:\/\/robi.wizardof.digital\/wp-content\/uploads\/2023\/07\/cardigan-Greta-camel-brown1-scaled-1-1024x1536.jpg 1024w, https:\/\/robi.wizardof.digital\/wp-content\/uploads\/2023\/07\/cardigan-Greta-camel-brown1-scaled-1-1366x2048.jpg 1366w, https:\/\/robi.wizardof.digital\/wp-content\/uploads\/2023\/07\/cardigan-Greta-camel-brown1-scaled-1-64x96.jpg 64w, https:\/\/robi.wizardof.digital\/wp-content\/uploads\/2023\/07\/cardigan-Greta-camel-brown1-scaled-1.jpg 1707w\" sizes=\"(max-width: 683px) 100vw, 683px\" \/>\t\t\t\t\t\t\t\t\t\t\t\t\t\t\t<\/div>\n\t\t\t\t<\/div>\n\t\t<div class=\"elementor-element elementor-element-28c7eb3b e-con-full e-flex e-con e-parent\" data-id=\"28c7eb3b\" data-element_type=\"container\">\n\t\t\t\t<div class=\"elementor-element elementor-element-75631019 elementor-widget elementor-widget-heading\" data-id=\"75631019\" data-element_type=\"widget\" data-widget_type=\"heading.default\">\n\t\t\t\t\t<h3 class=\"elementor-heading-title elementor-size-default\">M\u016aS\u0172 PARTNERIAI<\/h3>\t\t\t\t<\/div>\n\t\t\t\t<div class=\"elementor-element elementor-element-20af9f7f elementor-widget elementor-widget-text-editor\" data-id=\"20af9f7f\" data-element_type=\"widget\" data-widget_type=\"text-editor.default\">\n\t\t\t\t\t\t\t\t\t<p><strong>Valykite ROBI AGNES megztinius \u201cJogl\u0117s\u201d valymo centruose Vilniuje bei Klaip\u0117doje su 20% nuolaida!<\/strong><\/p>\t\t\t\t\t\t\t\t<\/div>\n\t\t\t\t<\/div>\n\t\t\t\t\t<\/div>\n\t\t\t\t<\/div>\n\t\t<div class=\"elementor-element elementor-element-708cc1d e-flex e-con-boxed e-con e-parent\" data-id=\"708cc1d\" data-element_type=\"container\">\n\t\t\t\t\t<div class=\"e-con-inner\">\n\t\t<div class=\"elementor-element elementor-element-19bb794 e-con-full e-flex e-con e-parent\" data-id=\"19bb794\" data-element_type=\"container\">\n\t\t\t\t<\/div>\n\t\t<div class=\"elementor-element elementor-element-2b902a8 e-con-full e-flex e-con e-parent\" data-id=\"2b902a8\" data-element_type=\"container\">\n\t\t\t\t<div class=\"elementor-element elementor-element-e6ecb5c elementor-widget elementor-widget-heading\" data-id=\"e6ecb5c\" data-element_type=\"widget\" data-widget_type=\"heading.default\">\n\t\t\t\t\t<h2 class=\"elementor-heading-title elementor-size-default\">KUR GALI RASTI M\u016aS\u0172 PARTNERIUS?<\/h2>\t\t\t\t<\/div>\n\t\t\t\t<div class=\"elementor-element elementor-element-468c801 elementor-widget elementor-widget-text-editor\" data-id=\"468c801\" data-element_type=\"widget\" data-widget_type=\"text-editor.default\">\n\t\t\t\t\t\t\t\t\t<p>* Nuolaida taikoma bendram megztini\u0173 valymui bei p\u016bk\u0173 nurinkimo paslaugai;<\/p><p>* Palikdami drabu\u017e\u012f, atkreipkite darbuotojo d\u0117mes\u012f, kad tai ROBI AGNES gaminys;<\/p><p>* Prie\u0161 ne\u0161dami megztin\u012f \u012f chemin\u012f valym\u0105, rekomenduojame nuo megztinio rankov\u0117s nuimti pritvirtint\u0105 odin\u0119 logotipo etiket\u0119;<\/p><p>* Nuolaida galite pasinaudoti \u0161iuose valymo centruose:<\/p><p>\u201cJogl\u0117s\u201d centruose Vilniuje: Jasinskio g. 16, Rinktin\u0117s g. 5, Saltoni\u0161ki\u0173 g. 9 (prekybos centre \u201cPanorama\u201d), Ozo g. 25 (prekybos centre \u201cAkropolis\u201d), \u0160ev\u010denkos g. 16;<\/p><p>\u201cJogl\u0117s\u201d centruose Klaip\u0117doje:\u00a0Minijos g. 64, Taikos pr. 61 (prekybos centre \u201cAkropolis\u201d), H. Manto g. 84 (prekybos centre \u201cStudlendas\u201d);<\/p><p>\u201cJogl\u0117s\u201d centruose Panev\u0117\u017eyje: Kranto g. 12; Ukmerg\u0117s g. 23 (prekybos centre \u201cMaxima\u201c); Klaip\u0117dos g. 92 (prekybos centre \u201cMaxima\u201c);<\/p><p>\u201cJogl\u0117s\u201d centre Alytuje: Naujoji g. 2C (prekybos centre \u201cIKI\u201d).<\/p>\t\t\t\t\t\t\t\t<\/div>\n\t\t\t\t<\/div>\n\t\t<div class=\"elementor-element elementor-element-f10200a e-con-full e-flex e-con e-parent\" data-id=\"f10200a\" data-element_type=\"container\">\n\t\t\t\t<\/div>\n\t\t\t\t\t<\/div>\n\t\t\t\t<\/div>\n\t\t\t\t<\/div>\n\t\t","protected":false},"excerpt":{"rendered":"<p>PRIE\u017dI\u016aRA ROBI AGNES\u00a0megztiniai\u00a0pagaminti i\u0161 auk\u0161\u010diausios kokyb\u0117s itali\u0161k\u0173 si\u016bl\u0173, kuri\u0173 plauko savyb\u0117s lemia\u00a0\u0161i\u0173\u00a0gamini\u0173\u00a0lengvum\u0105 bei mink\u0161tum\u0105. B\u016btent d\u0117l \u0161ios prie\u017easties su ROBI AGNES megztiniu\u00a0atrodote taip subtiliai ir nepakartojamai! Kadangi si\u016blai yra su ilgu plauku, ant drabu\u017ei\u0173, d\u0117vim\u0173 po megztiniu, paprastai lieka si\u016bl\u0173 plaukeli\u0173, be to, ant megztinio ilgainiui gali susiformuoti gumuliukai, ir tai yra visi\u0161kai nat\u016bralios tokio [&hellip;]<\/p>\n","protected":false},"author":143,"featured_media":0,"parent":0,"menu_order":0,"comment_status":"closed","ping_status":"closed","template":"elementor_header_footer","meta":{"footnotes":""},"class_list":["post-30900","page","type-page","status-publish","hentry"],"_links":{"self":[{"href":"https:\/\/robi.wizardof.digital\/lt\/wp-json\/wp\/v2\/pages\/30900","targetHints":{"allow":["GET"]}}],"collection":[{"href":"https:\/\/robi.wizardof.digital\/lt\/wp-json\/wp\/v2\/pages"}],"about":[{"href":"https:\/\/robi.wizardof.digital\/lt\/wp-json\/wp\/v2\/types\/page"}],"author":[{"embeddable":true,"href":"https:\/\/robi.wizardof.digital\/lt\/wp-json\/wp\/v2\/users\/143"}],"replies":[{"embeddable":true,"href":"https:\/\/robi.wizardof.digital\/lt\/wp-json\/wp\/v2\/comments?post=30900"}],"version-history":[{"count":1,"href":"https:\/\/robi.wizardof.digital\/lt\/wp-json\/wp\/v2\/pages\/30900\/revisions"}],"predecessor-version":[{"id":49669,"href":"https:\/\/robi.wizardof.digital\/lt\/wp-json\/wp\/v2\/pages\/30900\/revisions\/49669"}],"wp:attachment":[{"href":"https:\/\/robi.wizardof.digital\/lt\/wp-json\/wp\/v2\/media?parent=30900"}],"curies":[{"name":"wp","href":"https:\/\/api.w.org\/{rel}","templated":true}]}}