{"id":31000,"date":"2023-07-15T08:56:07","date_gmt":"2023-07-15T05:56:07","guid":{"rendered":"https:\/\/robi-agnes.com\/?page_id=31000"},"modified":"2024-04-22T13:37:56","modified_gmt":"2024-04-22T10:37:56","slug":"apie-mus","status":"publish","type":"page","link":"https:\/\/robi.wizardof.digital\/lt\/apie-mus\/","title":{"rendered":"Apie mus"},"content":{"rendered":"\t\t<div data-elementor-type=\"wp-page\" data-elementor-id=\"31000\" class=\"elementor elementor-31000 elementor-27646\" data-elementor-post-type=\"page\">\n\t\t\t\t<div class=\"elementor-element elementor-element-4a2e15e1 e-flex e-con-boxed e-con e-parent\" data-id=\"4a2e15e1\" data-element_type=\"container\" data-settings=\"{&quot;background_background&quot;:&quot;classic&quot;}\">\n\t\t\t\t\t<div class=\"e-con-inner\">\n\t\t<div class=\"elementor-element elementor-element-4ceb729a e-con-full e-flex e-con e-child\" data-id=\"4ceb729a\" data-element_type=\"container\">\n\t\t\t\t<div class=\"elementor-element elementor-element-3460b6e8 elementor-widget elementor-widget-image\" data-id=\"3460b6e8\" data-element_type=\"widget\" data-widget_type=\"image.default\">\n\t\t\t\t\t\t\t\t\t\t\t\t\t\t\t<img fetchpriority=\"high\" decoding=\"async\" width=\"768\" height=\"1024\" src=\"https:\/\/robi.wizardof.digital\/wp-content\/uploads\/2023\/07\/merino-suit-Olivia-camel-brown-Robi1-scaled-1-768x1024.jpeg\" class=\"attachment-large size-large wp-image-26918\" alt=\"\" srcset=\"https:\/\/robi.wizardof.digital\/wp-content\/uploads\/2023\/07\/merino-suit-Olivia-camel-brown-Robi1-scaled-1-768x1024.jpeg 768w, https:\/\/robi.wizardof.digital\/wp-content\/uploads\/2023\/07\/merino-suit-Olivia-camel-brown-Robi1-scaled-1-225x300.jpeg 225w, https:\/\/robi.wizardof.digital\/wp-content\/uploads\/2023\/07\/merino-suit-Olivia-camel-brown-Robi1-scaled-1-433x577.jpeg 433w, https:\/\/robi.wizardof.digital\/wp-content\/uploads\/2023\/07\/merino-suit-Olivia-camel-brown-Robi1-scaled-1-812x1083.jpeg 812w, https:\/\/robi.wizardof.digital\/wp-content\/uploads\/2023\/07\/merino-suit-Olivia-camel-brown-Robi1-scaled-1-1152x1536.jpeg 1152w, https:\/\/robi.wizardof.digital\/wp-content\/uploads\/2023\/07\/merino-suit-Olivia-camel-brown-Robi1-scaled-1-1536x2048.jpeg 1536w, https:\/\/robi.wizardof.digital\/wp-content\/uploads\/2023\/07\/merino-suit-Olivia-camel-brown-Robi1-scaled-1-64x85.jpeg 64w, https:\/\/robi.wizardof.digital\/wp-content\/uploads\/2023\/07\/merino-suit-Olivia-camel-brown-Robi1-scaled-1.jpeg 1920w\" sizes=\"(max-width: 768px) 100vw, 768px\" \/>\t\t\t\t\t\t\t\t\t\t\t\t\t\t\t<\/div>\n\t\t\t\t<\/div>\n\t\t<div class=\"elementor-element elementor-element-7d1fed63 e-con-full e-flex e-con e-child\" data-id=\"7d1fed63\" data-element_type=\"container\">\n\t\t\t\t<div class=\"elementor-element elementor-element-2a948538 elementor-widget elementor-widget-heading\" data-id=\"2a948538\" data-element_type=\"widget\" data-widget_type=\"heading.default\">\n\t\t\t\t\t<h2 class=\"elementor-heading-title elementor-size-default\">ROBI AGNES - tai gyvenimo b\u016bdas<\/h2>\t\t\t\t<\/div>\n\t\t\t\t<div class=\"elementor-element elementor-element-72195f8e elementor-widget elementor-widget-text-editor\" data-id=\"72195f8e\" data-element_type=\"widget\" data-widget_type=\"text-editor.default\">\n\t\t\t\t\t\t\t\t\t<p><span style=\"font-weight: 400;\">,,M\u016bs\u0173 tikslas &#8211; kurti itin kokybi\u0161kus, stilingus, laikui nepavald\u017eius produktus, kurie suteikia jaukumo bei patogumo jausm\u0105 kiekvien\u0105 dien\u0105.<\/span><\/p><p><span style=\"font-weight: 400;\">Labiausiai mus \u012fkvepia \u017emon\u0117s, kurie d\u0117vi m\u016bs\u0173 gaminius. Tad J\u016bs esate did\u017eiausia m\u016bs\u0173 k\u016brybin\u0117 motyvacija.\u00a0<\/span><\/p><p><span style=\"font-weight: 400;\">Kurdami\u00a0 stilingus bei lengvai pritaikomus produktus siekiame ne tik, jog atrodytum\u0117te puikiai, bet ir kad jaustum\u0117tes laisvai, patogiai ir u\u017etikrintai savimi kiekvien\u0105 dien\u0105.\u201d<\/span><\/p><p>\u00a0<\/p><p><strong><em>\u2013 ROBERTA SKIAUTERYT\u0116, ROBI AGNES \u012fk\u016br\u0117ja<\/em><\/strong><\/p>\t\t\t\t\t\t\t\t<\/div>\n\t\t\t\t<\/div>\n\t\t\t\t\t<\/div>\n\t\t\t\t<\/div>\n\t\t<div class=\"elementor-element elementor-element-61883e34 e-flex e-con-boxed e-con e-parent\" data-id=\"61883e34\" data-element_type=\"container\" data-settings=\"{&quot;background_background&quot;:&quot;classic&quot;}\">\n\t\t\t\t\t<div class=\"e-con-inner\">\n\t\t<div class=\"elementor-element elementor-element-7cb29d8a e-con-full e-flex e-con e-child\" data-id=\"7cb29d8a\" data-element_type=\"container\">\n\t\t\t\t<div class=\"elementor-element elementor-element-5472296b elementor-widget elementor-widget-heading\" data-id=\"5472296b\" data-element_type=\"widget\" data-widget_type=\"heading.default\">\n\t\t\t\t\t<h2 class=\"elementor-heading-title elementor-size-default\">Sukurta tam, kad d\u017eiugint\u0173 daugyb\u0119 met\u0173<\/h2>\t\t\t\t<\/div>\n\t\t\t\t<div class=\"elementor-element elementor-element-5cb09cc6 elementor-widget elementor-widget-text-editor\" data-id=\"5cb09cc6\" data-element_type=\"widget\" data-widget_type=\"text-editor.default\">\n\t\t\t\t\t\t\t\t\t<p><span style=\"font-weight: 400;\">Visa m\u016bs\u0173 produkcija yra gaminama Lietuvoje, naudojant auk\u0161\u010diausios r\u016b\u0161ies itali\u0161kus si\u016blus. Gaminio kokyb\u0117 bei ilgaam\u017ei\u0161kumas yra pagrindin\u0117s m\u016bs\u0173 k\u016brybin\u0117s vertyb\u0117s, tod\u0117l kiekvienas produktas yra sukurtas taip, kad tarnaut\u0173 ilgai ir d\u017eiugint\u0173 Jus daugyb\u0119 sezon\u0173 i\u0161 eil\u0117s.<\/span><\/p>\t\t\t\t\t\t\t\t<\/div>\n\t\t\t\t<div class=\"elementor-element elementor-element-d925332 elementor-widget elementor-widget-heading\" data-id=\"d925332\" data-element_type=\"widget\" data-widget_type=\"heading.default\">\n\t\t\t\t\t<h2 class=\"elementor-heading-title elementor-size-default\">Tvaresnis pasirinkimas<\/h2>\t\t\t\t<\/div>\n\t\t\t\t<div class=\"elementor-element elementor-element-5ed26182 elementor-widget elementor-widget-text-editor\" data-id=\"5ed26182\" data-element_type=\"widget\" data-widget_type=\"text-editor.default\">\n\t\t\t\t\t\t\t\t\t<div class=\"wpb_column vc_column_container vc_col-sm-6\">\n<div class=\"vc_column-inner\">\n<div class=\"wpb_wrapper\">\n<div class=\"wpb_text_column wpb_content_element \">\n<div class=\"wpb_wrapper\">\n<p><span style=\"font-weight: 400;\">Tvarumas yra dalis m\u016bs\u0173 prekinio \u017eenklo DNR. Kuriame atsakingai, tausodami gamt\u0105 bei jos i\u0161teklius. Per metus pristatome tik dvi kapsulines kolekcijas, papildydami jas laiko patikrint\u0173 bei J\u016bs\u0173 pam\u0117gt\u0173 modeli\u0173 naujomis spalvomis.&nbsp; <\/span><\/p>\n<\/div>\n<\/div>\n<\/div>\n<\/div>\n<\/div>\t\t\t\t\t\t\t\t<\/div>\n\t\t\t\t<\/div>\n\t\t<div class=\"elementor-element elementor-element-12880233 e-con-full e-flex e-con e-child\" data-id=\"12880233\" data-element_type=\"container\">\n\t\t\t\t<div class=\"elementor-element elementor-element-5232f191 elementor-widget elementor-widget-image\" data-id=\"5232f191\" data-element_type=\"widget\" data-widget_type=\"image.default\">\n\t\t\t\t\t\t\t\t\t\t\t\t\t\t\t<img decoding=\"async\" width=\"768\" height=\"1024\" src=\"https:\/\/robi.wizardof.digital\/wp-content\/uploads\/2023\/07\/SWEATER-SUZY-scaled-1-768x1024.jpg\" class=\"attachment-large size-large wp-image-26919\" alt=\"\" srcset=\"https:\/\/robi.wizardof.digital\/wp-content\/uploads\/2023\/07\/SWEATER-SUZY-scaled-1-768x1024.jpg 768w, https:\/\/robi.wizardof.digital\/wp-content\/uploads\/2023\/07\/SWEATER-SUZY-scaled-1-225x300.jpg 225w, https:\/\/robi.wizardof.digital\/wp-content\/uploads\/2023\/07\/SWEATER-SUZY-scaled-1-433x577.jpg 433w, https:\/\/robi.wizardof.digital\/wp-content\/uploads\/2023\/07\/SWEATER-SUZY-scaled-1-812x1083.jpg 812w, https:\/\/robi.wizardof.digital\/wp-content\/uploads\/2023\/07\/SWEATER-SUZY-scaled-1-1152x1536.jpg 1152w, https:\/\/robi.wizardof.digital\/wp-content\/uploads\/2023\/07\/SWEATER-SUZY-scaled-1-1536x2048.jpg 1536w, https:\/\/robi.wizardof.digital\/wp-content\/uploads\/2023\/07\/SWEATER-SUZY-scaled-1-64x85.jpg 64w, https:\/\/robi.wizardof.digital\/wp-content\/uploads\/2023\/07\/SWEATER-SUZY-scaled-1.jpg 1920w\" sizes=\"(max-width: 768px) 100vw, 768px\" \/>\t\t\t\t\t\t\t\t\t\t\t\t\t\t\t<\/div>\n\t\t\t\t<\/div>\n\t\t\t\t\t<\/div>\n\t\t\t\t<\/div>\n\t\t\t\t<\/div>\n\t\t","protected":false},"excerpt":{"rendered":"<p>ROBI AGNES &#8211; tai gyvenimo b\u016bdas ,,M\u016bs\u0173 tikslas &#8211; kurti itin kokybi\u0161kus, stilingus, laikui nepavald\u017eius produktus, kurie suteikia jaukumo bei patogumo jausm\u0105 kiekvien\u0105 dien\u0105. Labiausiai mus \u012fkvepia \u017emon\u0117s, kurie d\u0117vi m\u016bs\u0173 gaminius. Tad J\u016bs esate did\u017eiausia m\u016bs\u0173 k\u016brybin\u0117 motyvacija.\u00a0 Kurdami\u00a0 stilingus bei lengvai pritaikomus produktus siekiame ne tik, jog atrodytum\u0117te puikiai, bet ir kad jaustum\u0117tes [&hellip;]<\/p>\n","protected":false},"author":143,"featured_media":0,"parent":0,"menu_order":0,"comment_status":"closed","ping_status":"closed","template":"elementor_header_footer","meta":{"footnotes":""},"class_list":["post-31000","page","type-page","status-publish","hentry"],"_links":{"self":[{"href":"https:\/\/robi.wizardof.digital\/lt\/wp-json\/wp\/v2\/pages\/31000","targetHints":{"allow":["GET"]}}],"collection":[{"href":"https:\/\/robi.wizardof.digital\/lt\/wp-json\/wp\/v2\/pages"}],"about":[{"href":"https:\/\/robi.wizardof.digital\/lt\/wp-json\/wp\/v2\/types\/page"}],"author":[{"embeddable":true,"href":"https:\/\/robi.wizardof.digital\/lt\/wp-json\/wp\/v2\/users\/143"}],"replies":[{"embeddable":true,"href":"https:\/\/robi.wizardof.digital\/lt\/wp-json\/wp\/v2\/comments?post=31000"}],"version-history":[{"count":0,"href":"https:\/\/robi.wizardof.digital\/lt\/wp-json\/wp\/v2\/pages\/31000\/revisions"}],"wp:attachment":[{"href":"https:\/\/robi.wizardof.digital\/lt\/wp-json\/wp\/v2\/media?parent=31000"}],"curies":[{"name":"wp","href":"https:\/\/api.w.org\/{rel}","templated":true}]}}