{"id":31020,"date":"2023-07-15T08:56:12","date_gmt":"2023-07-15T05:56:12","guid":{"rendered":"https:\/\/robi-agnes.com\/?page_id=31020"},"modified":"2025-03-19T10:35:10","modified_gmt":"2025-03-19T08:35:10","slug":"kontaktai","status":"publish","type":"page","link":"https:\/\/robi.wizardof.digital\/lt\/kontaktai\/","title":{"rendered":"Kontaktai"},"content":{"rendered":"\t\t<div data-elementor-type=\"wp-page\" data-elementor-id=\"31020\" class=\"elementor elementor-31020 elementor-27668\" data-elementor-post-type=\"page\">\n\t\t\t\t<div class=\"elementor-element elementor-element-3f75172e e-con-full e-flex e-con e-parent\" data-id=\"3f75172e\" data-element_type=\"container\" data-settings=\"{&quot;background_background&quot;:&quot;classic&quot;}\">\n\t\t\t\t<div class=\"elementor-element elementor-element-5102fc7 elementor-widget elementor-widget-heading\" data-id=\"5102fc7\" data-element_type=\"widget\" data-widget_type=\"heading.default\">\n\t\t\t\t\t<h1 class=\"elementor-heading-title elementor-size-default\">Kontaktai<\/h1>\t\t\t\t<\/div>\n\t\t\t\t<div class=\"elementor-element elementor-element-511824b7 elementor-widget elementor-widget-woocommerce-breadcrumb\" data-id=\"511824b7\" data-element_type=\"widget\" data-widget_type=\"woocommerce-breadcrumb.default\">\n\t\t\t\t\t<nav class=\"woocommerce-breadcrumb\" aria-label=\"Breadcrumb\">Prad\u017eia<\/nav>\t\t\t\t<\/div>\n\t\t\t\t<\/div>\n\t\t<div class=\"elementor-element elementor-element-26eb0722 e-flex e-con-boxed e-con e-parent\" data-id=\"26eb0722\" data-element_type=\"container\" data-settings=\"{&quot;background_background&quot;:&quot;classic&quot;}\">\n\t\t\t\t\t<div class=\"e-con-inner\">\n\t\t<div class=\"elementor-element elementor-element-73fcdae2 e-con-full e-flex e-con e-child\" data-id=\"73fcdae2\" data-element_type=\"container\">\n\t\t<div class=\"elementor-element elementor-element-7ca60da5 e-con-full e-flex e-con e-child\" data-id=\"7ca60da5\" data-element_type=\"container\">\n\t\t<div class=\"elementor-element elementor-element-2f685dab e-con-full e-flex e-con e-child\" data-id=\"2f685dab\" data-element_type=\"container\">\n\t\t<div class=\"elementor-element elementor-element-12577eed e-con-full e-flex e-con e-child\" data-id=\"12577eed\" data-element_type=\"container\">\n\t\t\t\t<div class=\"elementor-element elementor-element-5c698bbf elementor-widget elementor-widget-heading\" data-id=\"5c698bbf\" data-element_type=\"widget\" data-widget_type=\"heading.default\">\n\t\t\t\t\t<h2 class=\"elementor-heading-title elementor-size-default\">Logistika, u\u017esakymai, vizitai ROBI AGNES studijoje, pagalba klientams ir kiti su el.parduotuve susij\u0119 klausimai<\/h2>\t\t\t\t<\/div>\n\t\t\t\t<\/div>\n\t\t\t\t<div class=\"elementor-element elementor-element-62dcaa0e elementor-widget elementor-widget-text-editor\" data-id=\"62dcaa0e\" data-element_type=\"widget\" data-widget_type=\"text-editor.default\">\n\t\t\t\t\t\t\t\t\t<p>\u00a0<\/p><p>contact@robi-agnes.com<\/p><p>+37061280737<\/p>\t\t\t\t\t\t\t\t<\/div>\n\t\t\t\t<\/div>\n\t\t<div class=\"elementor-element elementor-element-2ac9f66a e-con-full e-flex e-con e-child\" data-id=\"2ac9f66a\" data-element_type=\"container\">\n\t\t<div class=\"elementor-element elementor-element-a0d753f e-con-full e-flex e-con e-child\" data-id=\"a0d753f\" data-element_type=\"container\">\n\t\t\t\t<div class=\"elementor-element elementor-element-6bee5604 elementor-widget elementor-widget-heading\" data-id=\"6bee5604\" data-element_type=\"widget\" data-widget_type=\"heading.default\">\n\t\t\t\t\t<h2 class=\"elementor-heading-title elementor-size-default\">Bendradarbiavimo, verslo pasi\u016blymai ir visi kiti klausimai<\/h2>\t\t\t\t<\/div>\n\t\t\t\t<\/div>\n\t\t\t\t<div class=\"elementor-element elementor-element-5a6a7a22 elementor-widget elementor-widget-text-editor\" data-id=\"5a6a7a22\" data-element_type=\"widget\" data-widget_type=\"text-editor.default\">\n\t\t\t\t\t\t\t\t\t<p>Lina Martink\u0117nait\u0117-Bendik\u0117<\/p><p>sales@robi-agnes.com<\/p><p>+37062956841<\/p>\t\t\t\t\t\t\t\t<\/div>\n\t\t\t\t<\/div>\n\t\t<div class=\"elementor-element elementor-element-116405e5 e-con-full e-flex e-con e-child\" data-id=\"116405e5\" data-element_type=\"container\">\n\t\t<div class=\"elementor-element elementor-element-5be4d5ae e-con-full e-flex e-con e-child\" data-id=\"5be4d5ae\" data-element_type=\"container\">\n\t\t\t\t<div class=\"elementor-element elementor-element-2693168f elementor-widget elementor-widget-heading\" data-id=\"2693168f\" data-element_type=\"widget\" data-widget_type=\"heading.default\">\n\t\t\t\t\t<h2 class=\"elementor-heading-title elementor-size-default\">Marketingas ir komunikacija<\/h2>\t\t\t\t<\/div>\n\t\t\t\t<\/div>\n\t\t\t\t<div class=\"elementor-element elementor-element-305ee53a elementor-widget elementor-widget-text-editor\" data-id=\"305ee53a\" data-element_type=\"widget\" data-widget_type=\"text-editor.default\">\n\t\t\t\t\t\t\t\t\t<p>Ilona Rudol<\/p><p>marketing@robi-agnes.com<\/p><p>+37061280737<\/p>\t\t\t\t\t\t\t\t<\/div>\n\t\t\t\t<\/div>\n\t\t\t\t<\/div>\n\t\t\t\t<\/div>\n\t\t\t\t\t<\/div>\n\t\t\t\t<\/div>\n\t\t<div class=\"elementor-element elementor-element-5efb0f42 e-flex e-con-boxed e-con e-parent\" data-id=\"5efb0f42\" data-element_type=\"container\" data-settings=\"{&quot;background_background&quot;:&quot;classic&quot;}\">\n\t\t\t\t\t<div class=\"e-con-inner\">\n\t\t<div class=\"elementor-element elementor-element-4d4ebe e-con-full e-flex e-con e-child\" data-id=\"4d4ebe\" data-element_type=\"container\">\n\t\t<div class=\"elementor-element elementor-element-475e81fc e-con-full e-flex e-con e-child\" data-id=\"475e81fc\" data-element_type=\"container\">\n\t\t<div class=\"elementor-element elementor-element-a55c62c e-con-full e-flex e-con e-child\" data-id=\"a55c62c\" data-element_type=\"container\">\n\t\t\t\t<div class=\"elementor-element elementor-element-5a565575 elementor-widget elementor-widget-google_maps\" data-id=\"5a565575\" data-element_type=\"widget\" data-widget_type=\"google_maps.default\">\n\t\t\t\t\t\t\t<div class=\"elementor-custom-embed\">\n\t\t\t<iframe loading=\"lazy\"\n\t\t\t\t\tsrc=\"https:\/\/maps.google.com\/maps?q=A.%20Juozapavi%C4%8Diaus%20st.%209A%2C%2009311%20Vilnius%2C%20Lithuania&#038;t=m&#038;z=16&#038;output=embed&#038;iwloc=near\"\n\t\t\t\t\ttitle=\"A. Juozapavi\u010diaus st. 9A, 09311 Vilnius, Lithuania\"\n\t\t\t\t\taria-label=\"A. Juozapavi\u010diaus st. 9A, 09311 Vilnius, Lithuania\"\n\t\t\t><\/iframe>\n\t\t<\/div>\n\t\t\t\t\t\t<\/div>\n\t\t\t\t<\/div>\n\t\t<div class=\"elementor-element elementor-element-f984312 e-con-full e-flex e-con e-child\" data-id=\"f984312\" data-element_type=\"container\">\n\t\t\t\t<div class=\"elementor-element elementor-element-60124ccb elementor-widget elementor-widget-heading\" data-id=\"60124ccb\" data-element_type=\"widget\" data-widget_type=\"heading.default\">\n\t\t\t\t\t<h3 class=\"elementor-heading-title elementor-size-default\">Visada laukiame u\u017esukant \u012f ROBI AGNES studij\u0105!<\/h3>\t\t\t\t<\/div>\n\t\t\t\t<div class=\"elementor-element elementor-element-32ed2270 elementor-widget elementor-widget-text-editor\" data-id=\"32ed2270\" data-element_type=\"widget\" data-widget_type=\"text-editor.default\">\n\t\t\t\t\t\t\t\t\t<p>A. Juozapavi\u010diaus g. 9A, 09311 Vilnius, Lithuania<\/p><p>Dirbame \u0161iokiadieniais:<\/p><p>9:00-18:00<\/p><p>+37061280737<\/p><p>Iki pasimatymo!<\/p>\t\t\t\t\t\t\t\t<\/div>\n\t\t\t\t<\/div>\n\t\t<div class=\"elementor-element elementor-element-6af95911 e-con-full e-flex e-con e-child\" data-id=\"6af95911\" data-element_type=\"container\">\n\t\t\t\t<div class=\"elementor-element elementor-element-5fdfff90 elementor-widget elementor-widget-heading\" data-id=\"5fdfff90\" data-element_type=\"widget\" data-widget_type=\"heading.default\">\n\t\t\t\t\t<h3 class=\"elementor-heading-title elementor-size-default\">Arba para\u0161yk mums \u017einut\u0119 \u010dia:<\/h3>\t\t\t\t<\/div>\n\t\t\t\t<div class=\"elementor-element elementor-element-81fb0cb elementor-button-align-stretch elementor-widget elementor-widget-form\" data-id=\"81fb0cb\" data-element_type=\"widget\" data-settings=\"{&quot;step_next_label&quot;:&quot;Next&quot;,&quot;step_previous_label&quot;:&quot;Previous&quot;,&quot;button_width&quot;:&quot;100&quot;,&quot;step_type&quot;:&quot;number_text&quot;,&quot;step_icon_shape&quot;:&quot;circle&quot;}\" data-widget_type=\"form.default\">\n\t\t\t\t\t\t\t<form class=\"elementor-form\" method=\"post\" name=\"New Form\" aria-label=\"New Form\">\n\t\t\t<input type=\"hidden\" name=\"post_id\" value=\"31020\"\/>\n\t\t\t<input type=\"hidden\" name=\"form_id\" value=\"81fb0cb\"\/>\n\t\t\t<input type=\"hidden\" name=\"referer_title\" value=\"Kontaktai\" \/>\n\n\t\t\t\t\t\t\t<input type=\"hidden\" name=\"queried_id\" value=\"31020\"\/>\n\t\t\t\n\t\t\t<div class=\"elementor-form-fields-wrapper elementor-labels-above\">\n\t\t\t\t\t\t\t\t<div class=\"elementor-field-type-text elementor-field-group elementor-column elementor-field-group-vardas elementor-col-100\">\n\t\t\t\t\t\t\t\t\t\t\t\t\t<input size=\"1\" type=\"text\" name=\"form_fields[vardas]\" id=\"form-field-vardas\" class=\"elementor-field elementor-size-sm  elementor-field-textual\" placeholder=\"Vardas\">\n\t\t\t\t\t\t\t\t\t\t\t<\/div>\n\t\t\t\t\t\t\t\t<div class=\"elementor-field-type-email elementor-field-group elementor-column elementor-field-group-elpastas elementor-col-100 elementor-field-required\">\n\t\t\t\t\t\t\t\t\t\t\t\t\t<input size=\"1\" type=\"email\" name=\"form_fields[elpastas]\" id=\"form-field-elpastas\" class=\"elementor-field elementor-size-sm  elementor-field-textual\" placeholder=\"El.pa\u0161to adresas\" required=\"required\">\n\t\t\t\t\t\t\t\t\t\t\t<\/div>\n\t\t\t\t\t\t\t\t<div class=\"elementor-field-type-textarea elementor-field-group elementor-column elementor-field-group-zinute elementor-col-100 elementor-field-required\">\n\t\t\t\t\t<textarea class=\"elementor-field-textual elementor-field  elementor-size-sm\" name=\"form_fields[zinute]\" id=\"form-field-zinute\" rows=\"4\" placeholder=\"\u017dinut\u0117\" required=\"required\"><\/textarea>\t\t\t\t<\/div>\n\t\t\t\t\t\t\t\t<div class=\"elementor-field-type-text\">\n\t\t\t\t\t<input size=\"1\" type=\"text\" name=\"form_fields[field_38999e6]\" id=\"form-field-field_38999e6\" class=\"elementor-field elementor-size-sm \" style=\"display:none !important;\">\t\t\t\t<\/div>\n\t\t\t\t\t\t\t\t<div class=\"elementor-field-type-recaptcha_v3 elementor-field-group elementor-column elementor-field-group-field_e1cf7dc elementor-col-100 recaptcha_v3-inline\">\n\t\t\t\t\t<div class=\"elementor-field\" id=\"form-field-field_e1cf7dc\"><div class=\"elementor-g-recaptcha\" data-sitekey=\"6LduzUgnAAAAAKwoWWakQ3a7xez2A6LldQL4Udop\" data-type=\"v3\" data-action=\"Form\" data-badge=\"inline\" data-size=\"invisible\"><\/div><\/div>\t\t\t\t<\/div>\n\t\t\t\t\t\t\t\t<div class=\"elementor-field-group elementor-column elementor-field-type-submit elementor-col-100 e-form__buttons\">\n\t\t\t\t\t<button class=\"elementor-button elementor-size-sm\" type=\"submit\">\n\t\t\t\t\t\t<span class=\"elementor-button-content-wrapper\">\n\t\t\t\t\t\t\t\t\t\t\t\t\t\t\t\t\t\t\t\t\t\t<span class=\"elementor-button-text\">Si\u0173sti<\/span>\n\t\t\t\t\t\t\t\t\t\t\t\t\t<\/span>\n\t\t\t\t\t<\/button>\n\t\t\t\t<\/div>\n\t\t\t<\/div>\n\t\t<\/form>\n\t\t\t\t\t\t<\/div>\n\t\t\t\t<\/div>\n\t\t\t\t<\/div>\n\t\t\t\t<\/div>\n\t\t\t\t\t<\/div>\n\t\t\t\t<\/div>\n\t\t\t\t<\/div>\n\t\t","protected":false},"excerpt":{"rendered":"<p>Logistika, u\u017esakymai, vizitai ROBI AGNES studijoje, pagalba klientams ir kiti su el.parduotuve susij\u0119 klausimai \u00a0 contact@robi-agnes.com +37061280737 Bendradarbiavimo, verslo pasi\u016blymai ir visi kiti klausimai Lina Martink\u0117nait\u0117-Bendik\u0117 sales@robi-agnes.com +37062956841 Marketingas ir komunikacija Ilona Rudol marketing@robi-agnes.com +37061280737 Visada laukiame u\u017esukant \u012f ROBI AGNES studij\u0105! A. Juozapavi\u010diaus g. 9A, 09311 Vilnius, Lithuania Dirbame \u0161iokiadieniais: 9:00-18:00 +37061280737 Iki pasimatymo! [&hellip;]<\/p>\n","protected":false},"author":143,"featured_media":0,"parent":0,"menu_order":0,"comment_status":"closed","ping_status":"closed","template":"","meta":{"footnotes":""},"class_list":["post-31020","page","type-page","status-publish","hentry"],"_links":{"self":[{"href":"https:\/\/robi.wizardof.digital\/lt\/wp-json\/wp\/v2\/pages\/31020","targetHints":{"allow":["GET"]}}],"collection":[{"href":"https:\/\/robi.wizardof.digital\/lt\/wp-json\/wp\/v2\/pages"}],"about":[{"href":"https:\/\/robi.wizardof.digital\/lt\/wp-json\/wp\/v2\/types\/page"}],"author":[{"embeddable":true,"href":"https:\/\/robi.wizardof.digital\/lt\/wp-json\/wp\/v2\/users\/143"}],"replies":[{"embeddable":true,"href":"https:\/\/robi.wizardof.digital\/lt\/wp-json\/wp\/v2\/comments?post=31020"}],"version-history":[{"count":2,"href":"https:\/\/robi.wizardof.digital\/lt\/wp-json\/wp\/v2\/pages\/31020\/revisions"}],"predecessor-version":[{"id":49671,"href":"https:\/\/robi.wizardof.digital\/lt\/wp-json\/wp\/v2\/pages\/31020\/revisions\/49671"}],"wp:attachment":[{"href":"https:\/\/robi.wizardof.digital\/lt\/wp-json\/wp\/v2\/media?parent=31020"}],"curies":[{"name":"wp","href":"https:\/\/api.w.org\/{rel}","templated":true}]}}