{"id":31030,"date":"2023-07-15T08:56:08","date_gmt":"2023-07-15T05:56:08","guid":{"rendered":"https:\/\/robi-agnes.com\/?page_id=31030"},"modified":"2025-03-19T10:58:03","modified_gmt":"2025-03-19T08:58:03","slug":"pardavimo-vietos","status":"publish","type":"page","link":"https:\/\/robi.wizardof.digital\/lt\/pardavimo-vietos\/","title":{"rendered":"Pardavimo vietos"},"content":{"rendered":"\t\t<div data-elementor-type=\"wp-page\" data-elementor-id=\"31030\" class=\"elementor elementor-31030 elementor-27649\" data-elementor-post-type=\"page\">\n\t\t\t\t<div class=\"elementor-element elementor-element-682ba880 e-con-full e-flex e-con e-parent\" data-id=\"682ba880\" data-element_type=\"container\" data-settings=\"{&quot;background_background&quot;:&quot;classic&quot;}\">\n\t\t\t\t<div class=\"elementor-element elementor-element-5074cedd elementor-widget elementor-widget-heading\" data-id=\"5074cedd\" data-element_type=\"widget\" data-widget_type=\"heading.default\">\n\t\t\t\t\t<h1 class=\"elementor-heading-title elementor-size-default\">Pardavimo vietos<\/h1>\t\t\t\t<\/div>\n\t\t\t\t<div class=\"elementor-element elementor-element-6ee064f6 elementor-widget elementor-widget-woocommerce-breadcrumb\" data-id=\"6ee064f6\" data-element_type=\"widget\" data-widget_type=\"woocommerce-breadcrumb.default\">\n\t\t\t\t\t<nav class=\"woocommerce-breadcrumb\" aria-label=\"Breadcrumb\">Prad\u017eia<\/nav>\t\t\t\t<\/div>\n\t\t\t\t<\/div>\n\t\t<div class=\"elementor-element elementor-element-30aae40d e-flex e-con-boxed e-con e-parent\" data-id=\"30aae40d\" data-element_type=\"container\" data-settings=\"{&quot;background_background&quot;:&quot;classic&quot;}\">\n\t\t\t\t\t<div class=\"e-con-inner\">\n\t\t<div class=\"elementor-element elementor-element-74e5164d e-con-full e-flex e-con e-child\" data-id=\"74e5164d\" data-element_type=\"container\">\n\t\t\t\t<div class=\"elementor-element elementor-element-bfd4a1b elementor-widget elementor-widget-image\" data-id=\"bfd4a1b\" data-element_type=\"widget\" data-widget_type=\"image.default\">\n\t\t\t\t\t\t\t\t\t\t\t\t\t\t\t<img fetchpriority=\"high\" decoding=\"async\" width=\"800\" height=\"640\" src=\"https:\/\/robi.wizardof.digital\/wp-content\/uploads\/2023\/07\/RA-STUDIO.jpeg\" class=\"attachment-large size-large wp-image-26923\" alt=\"\" srcset=\"https:\/\/robi.wizardof.digital\/wp-content\/uploads\/2023\/07\/RA-STUDIO.jpeg 960w, https:\/\/robi.wizardof.digital\/wp-content\/uploads\/2023\/07\/RA-STUDIO-300x240.jpeg 300w, https:\/\/robi.wizardof.digital\/wp-content\/uploads\/2023\/07\/RA-STUDIO-768x614.jpeg 768w, https:\/\/robi.wizardof.digital\/wp-content\/uploads\/2023\/07\/RA-STUDIO-433x346.jpeg 433w, https:\/\/robi.wizardof.digital\/wp-content\/uploads\/2023\/07\/RA-STUDIO-812x650.jpeg 812w, https:\/\/robi.wizardof.digital\/wp-content\/uploads\/2023\/07\/RA-STUDIO-64x51.jpeg 64w\" sizes=\"(max-width: 800px) 100vw, 800px\" \/>\t\t\t\t\t\t\t\t\t\t\t\t\t\t\t<\/div>\n\t\t\t\t<\/div>\n\t\t<div class=\"elementor-element elementor-element-57eaa7a9 e-con-full e-flex e-con e-child\" data-id=\"57eaa7a9\" data-element_type=\"container\">\n\t\t\t\t<div class=\"elementor-element elementor-element-22b3e3e9 elementor-widget elementor-widget-heading\" data-id=\"22b3e3e9\" data-element_type=\"widget\" data-widget_type=\"heading.default\">\n\t\t\t\t\t<h2 class=\"elementor-heading-title elementor-size-default\">ROBI AGNES STUDIJA<\/h2>\t\t\t\t<\/div>\n\t\t\t\t<div class=\"elementor-element elementor-element-105bc5b8 elementor-widget elementor-widget-text-editor\" data-id=\"105bc5b8\" data-element_type=\"widget\" data-widget_type=\"text-editor.default\">\n\t\t\t\t\t\t\t\t\t<p>A. Juozapavi\u010diaus g. 9A, 09311 <strong>Vilnius, Lietuva\u00a0 \u00a0 <\/strong>+37061280737<\/p><p>Dirbame \u0161iokiadieniais: 9:00-18:00<\/p><p>Iki pasimatymo!<\/p>\t\t\t\t\t\t\t\t<\/div>\n\t\t\t\t<\/div>\n\t\t\t\t\t<\/div>\n\t\t\t\t<\/div>\n\t\t<div class=\"elementor-element elementor-element-6be1fd9 e-flex e-con-boxed e-con e-parent\" data-id=\"6be1fd9\" data-element_type=\"container\" data-settings=\"{&quot;background_background&quot;:&quot;classic&quot;}\">\n\t\t\t\t\t<div class=\"e-con-inner\">\n\t\t<div class=\"elementor-element elementor-element-8e3ba13 e-con-full e-flex e-con e-child\" data-id=\"8e3ba13\" data-element_type=\"container\">\n\t\t\t\t<div class=\"elementor-element elementor-element-e4c9740 elementor-widget elementor-widget-heading\" data-id=\"e4c9740\" data-element_type=\"widget\" data-widget_type=\"heading.default\">\n\t\t\t\t\t<h2 class=\"elementor-heading-title elementor-size-default\">KAUNAS \/ \u0160IAULIAI, LIETUVA<\/h2>\t\t\t\t<\/div>\n\t\t<div class=\"elementor-element elementor-element-a027cf9 e-con-full e-flex e-con e-child\" data-id=\"a027cf9\" data-element_type=\"container\">\n\t\t<div class=\"elementor-element elementor-element-8237a78 e-con-full e-flex e-con e-child\" data-id=\"8237a78\" data-element_type=\"container\">\n\t\t\t\t<div class=\"elementor-element elementor-element-0688d04 elementor-widget elementor-widget-image\" data-id=\"0688d04\" data-element_type=\"widget\" data-widget_type=\"image.default\">\n\t\t\t\t\t\t\t\t\t\t\t\t\t\t\t<img decoding=\"async\" width=\"1000\" height=\"1252\" src=\"https:\/\/robi.wizardof.digital\/wp-content\/uploads\/2023\/07\/greenpodium-xl.jpg\" class=\"attachment-full size-full wp-image-28058\" alt=\"\" srcset=\"https:\/\/robi.wizardof.digital\/wp-content\/uploads\/2023\/07\/greenpodium-xl.jpg 1000w, https:\/\/robi.wizardof.digital\/wp-content\/uploads\/2023\/07\/greenpodium-xl-240x300.jpg 240w, https:\/\/robi.wizardof.digital\/wp-content\/uploads\/2023\/07\/greenpodium-xl-818x1024.jpg 818w, https:\/\/robi.wizardof.digital\/wp-content\/uploads\/2023\/07\/greenpodium-xl-768x962.jpg 768w, https:\/\/robi.wizardof.digital\/wp-content\/uploads\/2023\/07\/greenpodium-xl-433x542.jpg 433w, https:\/\/robi.wizardof.digital\/wp-content\/uploads\/2023\/07\/greenpodium-xl-812x1017.jpg 812w, https:\/\/robi.wizardof.digital\/wp-content\/uploads\/2023\/07\/greenpodium-xl-64x80.jpg 64w\" sizes=\"(max-width: 1000px) 100vw, 1000px\" \/>\t\t\t\t\t\t\t\t\t\t\t\t\t\t\t<\/div>\n\t\t\t\t<div class=\"elementor-element elementor-element-847ade0 elementor-widget elementor-widget-text-editor\" data-id=\"847ade0\" data-element_type=\"widget\" data-widget_type=\"text-editor.default\">\n\t\t\t\t\t\t\t\t\t<p><strong>GREEN PODIUM BOUTIQUE<\/strong><\/p><p>Laisv\u0117s pr. 39, Kaunas, Lietuva<\/p>\t\t\t\t\t\t\t\t<\/div>\n\t\t\t\t<\/div>\n\t\t<div class=\"elementor-element elementor-element-8b88521 e-con-full e-flex e-con e-child\" data-id=\"8b88521\" data-element_type=\"container\">\n\t\t\t\t<div class=\"elementor-element elementor-element-253793be elementor-widget elementor-widget-image\" data-id=\"253793be\" data-element_type=\"widget\" data-widget_type=\"image.default\">\n\t\t\t\t\t\t\t\t\t\t\t\t\t\t\t<img decoding=\"async\" width=\"816\" height=\"1020\" src=\"https:\/\/robi.wizardof.digital\/wp-content\/uploads\/2023\/07\/baltas-miskas.jpg\" class=\"attachment-full size-full wp-image-26928\" alt=\"\" srcset=\"https:\/\/robi.wizardof.digital\/wp-content\/uploads\/2023\/07\/baltas-miskas.jpg 816w, https:\/\/robi.wizardof.digital\/wp-content\/uploads\/2023\/07\/baltas-miskas-240x300.jpg 240w, https:\/\/robi.wizardof.digital\/wp-content\/uploads\/2023\/07\/baltas-miskas-768x960.jpg 768w, https:\/\/robi.wizardof.digital\/wp-content\/uploads\/2023\/07\/baltas-miskas-433x541.jpg 433w, https:\/\/robi.wizardof.digital\/wp-content\/uploads\/2023\/07\/baltas-miskas-812x1015.jpg 812w, https:\/\/robi.wizardof.digital\/wp-content\/uploads\/2023\/07\/baltas-miskas-64x80.jpg 64w\" sizes=\"(max-width: 816px) 100vw, 816px\" \/>\t\t\t\t\t\t\t\t\t\t\t\t\t\t\t<\/div>\n\t\t\t\t<div class=\"elementor-element elementor-element-67a753c0 elementor-widget elementor-widget-text-editor\" data-id=\"67a753c0\" data-element_type=\"widget\" data-widget_type=\"text-editor.default\">\n\t\t\t\t\t\t\t\t\t<p><strong>BALTAS MI\u0160KAS<\/strong><\/p><p>Raugyklos<span class=\"fbPhotoCaptionText\"> g. 6<\/span>, Vilnius, Lietuva<\/p>\t\t\t\t\t\t\t\t<\/div>\n\t\t\t\t<\/div>\n\t\t<div class=\"elementor-element elementor-element-1b9d621 e-con-full e-flex e-con e-child\" data-id=\"1b9d621\" data-element_type=\"container\">\n\t\t\t\t<div class=\"elementor-element elementor-element-d97ad9d elementor-widget elementor-widget-image\" data-id=\"d97ad9d\" data-element_type=\"widget\" data-widget_type=\"image.default\">\n\t\t\t\t\t\t\t\t\t\t\t\t\t\t\t<img loading=\"lazy\" decoding=\"async\" width=\"1023\" height=\"1279\" src=\"https:\/\/robi.wizardof.digital\/wp-content\/uploads\/2023\/07\/wapsva3.jpg\" class=\"attachment-full size-full wp-image-26932\" alt=\"\" srcset=\"https:\/\/robi.wizardof.digital\/wp-content\/uploads\/2023\/07\/wapsva3.jpg 1023w, https:\/\/robi.wizardof.digital\/wp-content\/uploads\/2023\/07\/wapsva3-240x300.jpg 240w, https:\/\/robi.wizardof.digital\/wp-content\/uploads\/2023\/07\/wapsva3-819x1024.jpg 819w, https:\/\/robi.wizardof.digital\/wp-content\/uploads\/2023\/07\/wapsva3-768x960.jpg 768w, https:\/\/robi.wizardof.digital\/wp-content\/uploads\/2023\/07\/wapsva3-433x541.jpg 433w, https:\/\/robi.wizardof.digital\/wp-content\/uploads\/2023\/07\/wapsva3-812x1015.jpg 812w, https:\/\/robi.wizardof.digital\/wp-content\/uploads\/2023\/07\/wapsva3-64x80.jpg 64w\" sizes=\"(max-width: 1023px) 100vw, 1023px\" \/>\t\t\t\t\t\t\t\t\t\t\t\t\t\t\t<\/div>\n\t\t\t\t<div class=\"elementor-element elementor-element-d8bb183 elementor-widget elementor-widget-text-editor\" data-id=\"d8bb183\" data-element_type=\"widget\" data-widget_type=\"text-editor.default\">\n\t\t\t\t\t\t\t\t\t<p><strong>WAPSWA LT DIZAINO NAMAI<\/strong><\/p><p>Vilniaus g. 138, \u0160iauliai, Lietuva<\/p>\t\t\t\t\t\t\t\t<\/div>\n\t\t\t\t<\/div>\n\t\t\t\t<\/div>\n\t\t\t\t<\/div>\n\t\t\t\t\t<\/div>\n\t\t\t\t<\/div>\n\t\t<div class=\"elementor-element elementor-element-18ebac0b e-flex e-con-boxed e-con e-parent\" data-id=\"18ebac0b\" data-element_type=\"container\" data-settings=\"{&quot;background_background&quot;:&quot;classic&quot;}\">\n\t\t\t\t\t<div class=\"e-con-inner\">\n\t\t<div class=\"elementor-element elementor-element-2dd77ace e-con-full e-flex e-con e-child\" data-id=\"2dd77ace\" data-element_type=\"container\">\n\t\t\t\t<div class=\"elementor-element elementor-element-768e6312 elementor-widget elementor-widget-heading\" data-id=\"768e6312\" data-element_type=\"widget\" data-widget_type=\"heading.default\">\n\t\t\t\t\t<h2 class=\"elementor-heading-title elementor-size-default\">KLAIP\u0116DA \/ PALANGA \/ NIDA, LIETUVA<\/h2>\t\t\t\t<\/div>\n\t\t<div class=\"elementor-element elementor-element-484c8aaa e-con-full e-flex e-con e-child\" data-id=\"484c8aaa\" data-element_type=\"container\">\n\t\t<div class=\"elementor-element elementor-element-12f645e3 e-con-full e-flex e-con e-child\" data-id=\"12f645e3\" data-element_type=\"container\">\n\t\t\t\t<div class=\"elementor-element elementor-element-7d1716f elementor-widget elementor-widget-image\" data-id=\"7d1716f\" data-element_type=\"widget\" data-widget_type=\"image.default\">\n\t\t\t\t\t\t\t\t\t\t\t\t\t\t\t<img loading=\"lazy\" decoding=\"async\" width=\"1707\" height=\"2560\" src=\"https:\/\/robi.wizardof.digital\/wp-content\/uploads\/2023\/07\/cardigan-Greta-camel-brown1-scaled-1.jpg\" class=\"attachment-full size-full wp-image-30850\" alt=\"\" srcset=\"https:\/\/robi.wizardof.digital\/wp-content\/uploads\/2023\/07\/cardigan-Greta-camel-brown1-scaled-1.jpg 1707w, https:\/\/robi.wizardof.digital\/wp-content\/uploads\/2023\/07\/cardigan-Greta-camel-brown1-scaled-1-200x300.jpg 200w, https:\/\/robi.wizardof.digital\/wp-content\/uploads\/2023\/07\/cardigan-Greta-camel-brown1-scaled-1-683x1024.jpg 683w, https:\/\/robi.wizardof.digital\/wp-content\/uploads\/2023\/07\/cardigan-Greta-camel-brown1-scaled-1-768x1152.jpg 768w, https:\/\/robi.wizardof.digital\/wp-content\/uploads\/2023\/07\/cardigan-Greta-camel-brown1-scaled-1-433x649.jpg 433w, https:\/\/robi.wizardof.digital\/wp-content\/uploads\/2023\/07\/cardigan-Greta-camel-brown1-scaled-1-812x1218.jpg 812w, https:\/\/robi.wizardof.digital\/wp-content\/uploads\/2023\/07\/cardigan-Greta-camel-brown1-scaled-1-1024x1536.jpg 1024w, https:\/\/robi.wizardof.digital\/wp-content\/uploads\/2023\/07\/cardigan-Greta-camel-brown1-scaled-1-1366x2048.jpg 1366w, https:\/\/robi.wizardof.digital\/wp-content\/uploads\/2023\/07\/cardigan-Greta-camel-brown1-scaled-1-64x96.jpg 64w\" sizes=\"(max-width: 1707px) 100vw, 1707px\" \/>\t\t\t\t\t\t\t\t\t\t\t\t\t\t\t<\/div>\n\t\t\t\t<\/div>\n\t\t<div class=\"elementor-element elementor-element-41732acd e-con-full e-flex e-con e-child\" data-id=\"41732acd\" data-element_type=\"container\">\n\t\t\t\t<div class=\"elementor-element elementor-element-3717c7ef elementor-widget elementor-widget-image\" data-id=\"3717c7ef\" data-element_type=\"widget\" data-widget_type=\"image.default\">\n\t\t\t\t\t\t\t\t\t\t\t\t\t\t\t<img loading=\"lazy\" decoding=\"async\" width=\"934\" height=\"1168\" src=\"https:\/\/robi.wizardof.digital\/wp-content\/uploads\/2023\/07\/BB-KLP.jpeg\" class=\"attachment-full size-full wp-image-26934\" alt=\"\" srcset=\"https:\/\/robi.wizardof.digital\/wp-content\/uploads\/2023\/07\/BB-KLP.jpeg 934w, https:\/\/robi.wizardof.digital\/wp-content\/uploads\/2023\/07\/BB-KLP-240x300.jpeg 240w, https:\/\/robi.wizardof.digital\/wp-content\/uploads\/2023\/07\/BB-KLP-819x1024.jpeg 819w, https:\/\/robi.wizardof.digital\/wp-content\/uploads\/2023\/07\/BB-KLP-768x960.jpeg 768w, https:\/\/robi.wizardof.digital\/wp-content\/uploads\/2023\/07\/BB-KLP-433x541.jpeg 433w, https:\/\/robi.wizardof.digital\/wp-content\/uploads\/2023\/07\/BB-KLP-812x1015.jpeg 812w, https:\/\/robi.wizardof.digital\/wp-content\/uploads\/2023\/07\/BB-KLP-64x80.jpeg 64w\" sizes=\"(max-width: 934px) 100vw, 934px\" \/>\t\t\t\t\t\t\t\t\t\t\t\t\t\t\t<\/div>\n\t\t\t\t<div class=\"elementor-element elementor-element-4ca4d6f9 elementor-widget elementor-widget-text-editor\" data-id=\"4ca4d6f9\" data-element_type=\"widget\" data-widget_type=\"text-editor.default\">\n\t\t\t\t\t\t\t\t\t<p><strong>BALTAS IR BUTIKAS<\/strong><\/p><p>H. Manto g. 14, Klaip\u0117da, Lietuva<\/p>\t\t\t\t\t\t\t\t<\/div>\n\t\t\t\t<\/div>\n\t\t<div class=\"elementor-element elementor-element-127c5d4 e-con-full e-flex e-con e-child\" data-id=\"127c5d4\" data-element_type=\"container\">\n\t\t\t\t<div class=\"elementor-element elementor-element-58073730 elementor-widget elementor-widget-image\" data-id=\"58073730\" data-element_type=\"widget\" data-widget_type=\"image.default\">\n\t\t\t\t\t\t\t\t\t\t\t\t\t\t\t<img loading=\"lazy\" decoding=\"async\" width=\"1150\" height=\"1438\" src=\"https:\/\/robi.wizardof.digital\/wp-content\/uploads\/2023\/07\/opakopa-nida.png\" class=\"attachment-full size-full wp-image-26935\" alt=\"\" srcset=\"https:\/\/robi.wizardof.digital\/wp-content\/uploads\/2023\/07\/opakopa-nida.png 1150w, https:\/\/robi.wizardof.digital\/wp-content\/uploads\/2023\/07\/opakopa-nida-240x300.png 240w, https:\/\/robi.wizardof.digital\/wp-content\/uploads\/2023\/07\/opakopa-nida-819x1024.png 819w, https:\/\/robi.wizardof.digital\/wp-content\/uploads\/2023\/07\/opakopa-nida-768x960.png 768w, https:\/\/robi.wizardof.digital\/wp-content\/uploads\/2023\/07\/opakopa-nida-433x541.png 433w, https:\/\/robi.wizardof.digital\/wp-content\/uploads\/2023\/07\/opakopa-nida-812x1015.png 812w, https:\/\/robi.wizardof.digital\/wp-content\/uploads\/2023\/07\/opakopa-nida-64x80.png 64w\" sizes=\"(max-width: 1150px) 100vw, 1150px\" \/>\t\t\t\t\t\t\t\t\t\t\t\t\t\t\t<\/div>\n\t\t\t\t<div class=\"elementor-element elementor-element-1ac2a91b elementor-widget elementor-widget-text-editor\" data-id=\"1ac2a91b\" data-element_type=\"widget\" data-widget_type=\"text-editor.default\">\n\t\t\t\t\t\t\t\t\t<p><strong>OPAKOPA SHOP<\/strong><\/p><p>Nagli\u0173 g. 29C, Nida, Lietuva<\/p><p>(vasaros sezonu)<\/p>\t\t\t\t\t\t\t\t<\/div>\n\t\t\t\t<\/div>\n\t\t\t\t<\/div>\n\t\t\t\t<\/div>\n\t\t\t\t\t<\/div>\n\t\t\t\t<\/div>\n\t\t<div class=\"elementor-element elementor-element-74b14365 e-flex e-con-boxed e-con e-parent\" data-id=\"74b14365\" data-element_type=\"container\" data-settings=\"{&quot;background_background&quot;:&quot;classic&quot;}\">\n\t\t\t\t\t<div class=\"e-con-inner\">\n\t\t<div class=\"elementor-element elementor-element-4503fc8e e-con-full e-flex e-con e-child\" data-id=\"4503fc8e\" data-element_type=\"container\">\n\t\t\t\t<div class=\"elementor-element elementor-element-74bb9100 elementor-widget elementor-widget-heading\" data-id=\"74bb9100\" data-element_type=\"widget\" data-widget_type=\"heading.default\">\n\t\t\t\t\t<h2 class=\"elementor-heading-title elementor-size-default\">LATVIJA \/ ESTIJA\n<\/h2>\t\t\t\t<\/div>\n\t\t<div class=\"elementor-element elementor-element-342f02d1 e-con-full e-flex e-con e-child\" data-id=\"342f02d1\" data-element_type=\"container\">\n\t\t<div class=\"elementor-element elementor-element-4091e597 e-con-full e-flex e-con e-child\" data-id=\"4091e597\" data-element_type=\"container\">\n\t\t\t\t<div class=\"elementor-element elementor-element-39300a93 elementor-widget elementor-widget-image\" data-id=\"39300a93\" data-element_type=\"widget\" data-widget_type=\"image.default\">\n\t\t\t\t\t\t\t\t\t\t\t\t\t\t\t<img loading=\"lazy\" decoding=\"async\" width=\"546\" height=\"683\" src=\"https:\/\/robi.wizardof.digital\/wp-content\/uploads\/2023\/07\/levi-tartu.jpg\" class=\"attachment-full size-full wp-image-26924\" alt=\"\" srcset=\"https:\/\/robi.wizardof.digital\/wp-content\/uploads\/2023\/07\/levi-tartu.jpg 546w, https:\/\/robi.wizardof.digital\/wp-content\/uploads\/2023\/07\/levi-tartu-240x300.jpg 240w, https:\/\/robi.wizardof.digital\/wp-content\/uploads\/2023\/07\/levi-tartu-433x542.jpg 433w, https:\/\/robi.wizardof.digital\/wp-content\/uploads\/2023\/07\/levi-tartu-64x80.jpg 64w\" sizes=\"(max-width: 546px) 100vw, 546px\" \/>\t\t\t\t\t\t\t\t\t\t\t\t\t\t\t<\/div>\n\t\t\t\t<div class=\"elementor-element elementor-element-12a0ef81 elementor-widget elementor-widget-text-editor\" data-id=\"12a0ef81\" data-element_type=\"widget\" data-widget_type=\"text-editor.default\">\n\t\t\t\t\t\t\t\t\t<p><strong>LEVI DESIGN SHOP<\/strong><\/p><p>Asume Tartu Kaubamaja 2.korrusel, Riia 1, Tartu, Estija<\/p>\t\t\t\t\t\t\t\t<\/div>\n\t\t\t\t<\/div>\n\t\t<div class=\"elementor-element elementor-element-52f547d5 e-con-full e-flex e-con e-child\" data-id=\"52f547d5\" data-element_type=\"container\">\n\t\t\t\t<div class=\"elementor-element elementor-element-4df3a7cb elementor-widget elementor-widget-image\" data-id=\"4df3a7cb\" data-element_type=\"widget\" data-widget_type=\"image.default\">\n\t\t\t\t\t\t\t\t\t\t\t\t\t\t\t<img loading=\"lazy\" decoding=\"async\" width=\"640\" height=\"800\" src=\"https:\/\/robi.wizardof.digital\/wp-content\/uploads\/2023\/07\/levi-tallinn.jpg\" class=\"attachment-full size-full wp-image-26925\" alt=\"\" srcset=\"https:\/\/robi.wizardof.digital\/wp-content\/uploads\/2023\/07\/levi-tallinn.jpg 640w, https:\/\/robi.wizardof.digital\/wp-content\/uploads\/2023\/07\/levi-tallinn-240x300.jpg 240w, https:\/\/robi.wizardof.digital\/wp-content\/uploads\/2023\/07\/levi-tallinn-433x541.jpg 433w, https:\/\/robi.wizardof.digital\/wp-content\/uploads\/2023\/07\/levi-tallinn-64x80.jpg 64w\" sizes=\"(max-width: 640px) 100vw, 640px\" \/>\t\t\t\t\t\t\t\t\t\t\t\t\t\t\t<\/div>\n\t\t\t\t<div class=\"elementor-element elementor-element-5ded4f87 elementor-widget elementor-widget-text-editor\" data-id=\"5ded4f87\" data-element_type=\"widget\" data-widget_type=\"text-editor.default\">\n\t\t\t\t\t\t\t\t\t<p><strong>LEVI DESIGN SHOP<\/strong><\/p><p>Asume Solaris keskuse 1.korrusel, Alexela kontserdimaja-poolses k\u00fcljes Estonia pst 9, Talinas, Estija<\/p>\t\t\t\t\t\t\t\t<\/div>\n\t\t\t\t<\/div>\n\t\t<div class=\"elementor-element elementor-element-708b23a0 e-con-full e-flex e-con e-child\" data-id=\"708b23a0\" data-element_type=\"container\">\n\t\t\t\t<div class=\"elementor-element elementor-element-5b8c1460 elementor-widget elementor-widget-image\" data-id=\"5b8c1460\" data-element_type=\"widget\" data-widget_type=\"image.default\">\n\t\t\t\t\t\t\t\t\t\t\t\t\t\t\t<img loading=\"lazy\" decoding=\"async\" width=\"1229\" height=\"1536\" src=\"https:\/\/robi.wizardof.digital\/wp-content\/uploads\/2023\/07\/fashionpeople.jpg\" class=\"attachment-full size-full wp-image-26926\" alt=\"\" srcset=\"https:\/\/robi.wizardof.digital\/wp-content\/uploads\/2023\/07\/fashionpeople.jpg 1229w, https:\/\/robi.wizardof.digital\/wp-content\/uploads\/2023\/07\/fashionpeople-240x300.jpg 240w, https:\/\/robi.wizardof.digital\/wp-content\/uploads\/2023\/07\/fashionpeople-819x1024.jpg 819w, https:\/\/robi.wizardof.digital\/wp-content\/uploads\/2023\/07\/fashionpeople-768x960.jpg 768w, https:\/\/robi.wizardof.digital\/wp-content\/uploads\/2023\/07\/fashionpeople-433x541.jpg 433w, https:\/\/robi.wizardof.digital\/wp-content\/uploads\/2023\/07\/fashionpeople-812x1015.jpg 812w, https:\/\/robi.wizardof.digital\/wp-content\/uploads\/2023\/07\/fashionpeople-64x80.jpg 64w\" sizes=\"(max-width: 1229px) 100vw, 1229px\" \/>\t\t\t\t\t\t\t\t\t\t\t\t\t\t\t<\/div>\n\t\t\t\t<div class=\"elementor-element elementor-element-b9fe32d elementor-widget elementor-widget-text-editor\" data-id=\"b9fe32d\" data-element_type=\"widget\" data-widget_type=\"text-editor.default\">\n\t\t\t\t\t\t\t\t\t<p><strong>FASHION PEOPLE \/ 32BOUTIQUE<\/strong><\/p><p>Jomas iela 44, J\u016brmala, Latvija<\/p>\t\t\t\t\t\t\t\t<\/div>\n\t\t\t\t<\/div>\n\t\t\t\t<\/div>\n\t\t\t\t<\/div>\n\t\t\t\t\t<\/div>\n\t\t\t\t<\/div>\n\t\t\t\t<\/div>\n\t\t","protected":false},"excerpt":{"rendered":"<p>ROBI AGNES STUDIJA A. Juozapavi\u010diaus g. 9A, 09311 Vilnius, Lietuva\u00a0 \u00a0 +37061280737 Dirbame \u0161iokiadieniais: 9:00-18:00 Iki pasimatymo! KAUNAS \/ \u0160IAULIAI, LIETUVA GREEN PODIUM BOUTIQUE Laisv\u0117s pr. 39, Kaunas, Lietuva BALTAS MI\u0160KAS Raugyklos g. 6, Vilnius, Lietuva WAPSWA LT DIZAINO NAMAI Vilniaus g. 138, \u0160iauliai, Lietuva KLAIP\u0116DA \/ PALANGA \/ NIDA, LIETUVA BALTAS IR BUTIKAS H. [&hellip;]<\/p>\n","protected":false},"author":143,"featured_media":0,"parent":0,"menu_order":0,"comment_status":"closed","ping_status":"closed","template":"elementor_header_footer","meta":{"footnotes":""},"class_list":["post-31030","page","type-page","status-publish","hentry"],"_links":{"self":[{"href":"https:\/\/robi.wizardof.digital\/lt\/wp-json\/wp\/v2\/pages\/31030","targetHints":{"allow":["GET"]}}],"collection":[{"href":"https:\/\/robi.wizardof.digital\/lt\/wp-json\/wp\/v2\/pages"}],"about":[{"href":"https:\/\/robi.wizardof.digital\/lt\/wp-json\/wp\/v2\/types\/page"}],"author":[{"embeddable":true,"href":"https:\/\/robi.wizardof.digital\/lt\/wp-json\/wp\/v2\/users\/143"}],"replies":[{"embeddable":true,"href":"https:\/\/robi.wizardof.digital\/lt\/wp-json\/wp\/v2\/comments?post=31030"}],"version-history":[{"count":2,"href":"https:\/\/robi.wizardof.digital\/lt\/wp-json\/wp\/v2\/pages\/31030\/revisions"}],"predecessor-version":[{"id":49675,"href":"https:\/\/robi.wizardof.digital\/lt\/wp-json\/wp\/v2\/pages\/31030\/revisions\/49675"}],"wp:attachment":[{"href":"https:\/\/robi.wizardof.digital\/lt\/wp-json\/wp\/v2\/media?parent=31030"}],"curies":[{"name":"wp","href":"https:\/\/api.w.org\/{rel}","templated":true}]}}