{"id":31034,"date":"2023-07-15T08:56:09","date_gmt":"2023-07-15T05:56:09","guid":{"rendered":"https:\/\/robi-agnes.com\/?page_id=31034"},"modified":"2024-12-16T22:19:20","modified_gmt":"2024-12-16T20:19:20","slug":"pristatymas","status":"publish","type":"page","link":"https:\/\/robi.wizardof.digital\/lt\/pristatymas\/","title":{"rendered":"Pristatymas"},"content":{"rendered":"\t\t<div data-elementor-type=\"wp-page\" data-elementor-id=\"31034\" class=\"elementor elementor-31034 elementor-27655\" data-elementor-post-type=\"page\">\n\t\t\t\t<div class=\"elementor-element elementor-element-76fcdecb e-con-full e-flex e-con e-parent\" data-id=\"76fcdecb\" data-element_type=\"container\" data-settings=\"{&quot;background_background&quot;:&quot;classic&quot;}\">\n\t\t\t\t<div class=\"elementor-element elementor-element-89b59bf elementor-widget elementor-widget-heading\" data-id=\"89b59bf\" data-element_type=\"widget\" data-widget_type=\"heading.default\">\n\t\t\t\t\t<h1 class=\"elementor-heading-title elementor-size-default\">Pristatymas<\/h1>\t\t\t\t<\/div>\n\t\t\t\t<div class=\"elementor-element elementor-element-2d18530f elementor-widget elementor-widget-woocommerce-breadcrumb\" data-id=\"2d18530f\" data-element_type=\"widget\" data-widget_type=\"woocommerce-breadcrumb.default\">\n\t\t\t\t\t<nav class=\"woocommerce-breadcrumb\" aria-label=\"Breadcrumb\">Prad\u017eia<\/nav>\t\t\t\t<\/div>\n\t\t\t\t<\/div>\n\t\t<div class=\"elementor-element elementor-element-ec077b6 e-flex e-con-boxed e-con e-parent\" data-id=\"ec077b6\" data-element_type=\"container\">\n\t\t\t\t\t<div class=\"e-con-inner\">\n\t\t<div class=\"elementor-element elementor-element-cde244e e-con-full e-flex e-con e-child\" data-id=\"cde244e\" data-element_type=\"container\">\n\t\t\t\t<\/div>\n\t\t<div class=\"elementor-element elementor-element-58f5cef e-con-full e-flex e-con e-child\" data-id=\"58f5cef\" data-element_type=\"container\">\n\t\t\t\t<div class=\"elementor-element elementor-element-700c5ca3 elementor-widget elementor-widget-text-editor\" data-id=\"700c5ca3\" data-element_type=\"widget\" data-widget_type=\"text-editor.default\">\n\t\t\t\t\t\t\t\t\t<p><b>Kur pristatome?&nbsp;<\/b><\/p>\n<p>Prekes pristatome visame pasaulyje.<\/p>\n<p>Jeigu www.robi-agnes.com pristatymo pasirinkime nematote norimos pristatymo \u0161alies, kreipkit\u0117s \u012f mus el. pa\u0161tu:&nbsp;sales@robi-agnes.com.<\/p>\n<p>Atkreipiame d\u0117mes\u012f, kad d\u0117l susidariusios pasaulin\u0117s situacijos, nesiun\u010diame siunt\u0173 \u012f Rusija ir Baltarusij\u0105.<\/p>\n<p><b>Per kiek laiko i\u0161siun\u010diame?<\/b><\/p>\n<p>Prekes i\u0161siun\u010diame per 3 darbo dienas nuo apmok\u0117jimo u\u017e prekes \u012fskaitymo \u012f m\u016bs\u0173 s\u0105skait\u0105.<\/p>\n<p>Atkreipiame d\u0117mes\u012f, kad kolekcijos paleidimo arba i\u0161pardavim\u0173 laikotarpiu siunt\u0173 paruo\u0161imo ir i\u0161siuntimo laikas gali pailg\u0117ti.<\/p>\n<p><b>Per kiek laiko pristatome?<\/b><\/p>\n<p><i>Lietuvoje<\/i>: Lietuvoje prek\u0117s pristatomos per 1-3 darbo dienas nuo j\u0173 i\u0161siuntimo dienos, i\u0161skyrus Nering\u0105.<\/p>\n<p><i>U\u017esienyje ir Neringoje<\/i>: \u012f u\u017esien\u012f ir Nering\u0105 i\u0161si\u0173stos prek\u0117s pristatomos per 2 \u2013 18 darbo dien\u0173 nuo j\u0173 i\u0161siuntimo dienos.<\/p>\n<p>Atkreipiame d\u0117mes\u012f, kad d\u0117l pasaulin\u0117s Covid-19 pandemijos tam tikrais atvejais pristatymo terminai gali prailg\u0117ti d\u0117l nepalankios epidemiologin\u0117s situacijos konkre\u010diose \u0161alyse. Taip nutikus d\u0117sime pastangas tarpininkaudami su siunt\u0173 pristatymo partneriais, kad su\u017einotume siunt\u0173 buvimo viet\u0105 ir jos b\u016bt\u0173 pristatytos kaip \u012fmanoma grei\u010diau. Vis d\u0117lto taip pat tikim\u0117s J\u016bs\u0173 supratingumo d\u0117l to, jog negalime daryti \u012ftakos visiems procesams.<\/p>\n<p>Atkreipiame d\u0117mes\u012f, kad \u0161ventiniu laikotarpiu siuntos ir gr\u0105\u017einimai keliauja ilgiau.<\/p>\n<p><b>Ar yra greitesn\u0117 pristatymo galimyb\u0117?<\/b><\/p>\n<p>U\u017e papildom\u0105 mokest\u012f galimas greitesnis prek\u0117s pristatymas. Nor\u0117dami u\u017esisakyti \u0161i\u0105 paslaug\u0105, kreipkit\u0117s \u012f mus el. pa\u0161tu&nbsp;sales@robi-agnes.com.<\/p>\n<p><b>Kaip pristatome?<\/b><\/p>\n<p><i>Baltijos \u0161alyse (Lietuva, Latvija, Estija)<\/i>: si\u0173sdami prekes Baltijos \u0161alyse naudojam\u0117s siunt\u0173 tarnybos Venipak, OMNIIVA bei LP Express paslaugomis. Siuntos pristatomos ant siuntos nurodytu adresu asmeni\u0161kai jas \u012fteikiant gav\u0117jui arba \u012f pa\u0161tomatus, paprastai per 1-3 darbo dienas.<\/p>\n<p><i>Neringoje<\/i>: \u012f Nering\u0105 prekes siun\u010diame naudodamiesi LP Express arba OMNIVA pa\u0161tomat\u0173 paslaugomis<\/p>\n<p><i>Lenkijoje<\/i>: si\u0173sdami prekes \u012f Lenkij\u0105 naudojam\u0117s siunt\u0173 tarnybos Venipak ir jos partneri\u0173 (GLS arba TNT) paslaugomis. Siuntos pristatomos ant siuntos nurodytu adresu asmeni\u0161kai jas \u012fteikiant gav\u0117jui, paprastai per 1-5 darbo dienas.<\/p>\n<p><i>Kitos \u0161alys<\/i>: \u012f kitas \u0161alis prekes siun\u010diame:<\/p>\n<p>\u2013 registruotu pa\u0161tu, naudodamiesi Lietuvos Pa\u0161to paslaugomis (daugiau informacijos galite rasti \u010dia:&nbsp;<a href=\"http:\/\/www.post.lt\/\" target=\"_blank\" rel=\"noopener\">www.post.lt<\/a>). Naudojantis pa\u0161to paslaugomis, prek\u0117s J\u016bs\u0173 nurodytu adresu pristatomos J\u016bs\u0173 valstyb\u0117s pa\u0161to tarnybos darbuotojo, paprastai per 10-18 darbo dien\u0173. Pa\u0161to darbuotojui J\u016bs\u0173 neradus namuose, paprastai paliekamas prane\u0161imas apie tai, kad siuntin\u012f galite atsiimti nuvyk\u0119 \u012f nurodyt\u0105 J\u016bs\u0173 valstyb\u0117s pa\u0161to skyri\u0173. Informacija apie tai, koki\u0173 dokument\u0173 gali prireikti atsiimant siunt\u0105, da\u017eniausiai pateikiama nurodytame pa\u0161to prane\u0161ime;<\/p>\n<p>\u2013 naudodamiesi siunt\u0173 tarnybos Venipak ir jos partneri\u0173 (GLS arba TNT) paslaugomis. Siuntos pristatomos ant siuntos nurodytu adresu asmeni\u0161kai jas \u012fteikiant gav\u0117jui, paprastai per 5-8 darbo dienas.<\/p>\n<p><b>Kiek kainuoja pristatymas?<\/b><\/p>\n<p><i>Baltijos \u0161alyse (Lietuvoje, Latvijoje, Estijoje) ir Lenkijoje: <\/i>pristatymas Baltijos \u0161alyse ir Lenkijoje yra nemokamas u\u017esakymams vir\u0161 200EUR.<\/p>\n<p><i>Kitose ES \u0161alyse<\/i>: pristatymas kitose Europos S\u0105jungos \u0161alyse yra nemokamas&nbsp;<span style=\"color: var( --e-global-color-5c06e31 );\">u\u017esakymams vir\u0161 200EUR<\/span><span style=\"color: var( --e-global-color-5c06e31 );\">&nbsp;pasirinkus pristatym\u0105 per Lietuvos pa\u0161t\u0105. Pasirinkus pristatym\u0105 per Venipak siunt\u0173 tarnyb\u0105 ir jos partnerius (GLS\/TNT) pristatymo mokestis \u012f \u0161ias \u0161alis yra 40 EUR.<\/span><\/p>\n<p><i>JK<\/i>: pristatymas \u012f Jungtin\u0119 Karalyst\u0119 yra nemokamas&nbsp;<span style=\"color: var( --e-global-color-5c06e31 );\">u\u017esakymams vir\u0161 200EUR<\/span><span style=\"color: var( --e-global-color-5c06e31 );\">&nbsp;pasirinkus pristatym\u0105 per Lietuvos pa\u0161t\u0105. Pasirinkus pristatym\u0105 per Venipak siunt\u0173 tarnyb\u0105 ir jos partnerius (GLS\/TNT) pristatymo mokestis \u012f \u0161i\u0105 \u0161al\u012f yra 40 EUR.<\/span><\/p>\n<p><i>Kitose \u0161alyse<\/i>: pristatymo mokestis \u012f kitas \u0161alis pasirinkus pristatym\u0105 per Lietuvos pa\u0161t\u0105 yra 20 EUR. Pasirinkus pristatym\u0105 per Venipak siunt\u0173 tarnyb\u0105 ir jos partnerius (GLS\/TNT) pristatymo mokestis \u012f \u0161ias \u0161alis yra 50 EUR.<\/p>\n<p><b>Ar galite sekti savo siuntin\u012f?<\/b><\/p>\n<p><i>Baltijos \u0161alys (Lietuva, Latvija, Estija) ir Lenkija<\/i>: kai prekes siun\u010diame Baltijos valstyb\u0117se ar Lenkijoje esan\u010diu adresu, atskiros informacijos apie preki\u0173 siuntos sekim\u0105 nesiun\u010diame.<\/p>\n<p><i>Kitos valstyb\u0117s<\/i>: kai prekes siun\u010diame kitose valstyb\u0117se esan\u010diu adresu, i\u0161siunt\u0119 prekes informuojame Jus apie tai el. lai\u0161ku, kuriame taip pat nurodome Jums skirtos siuntos numer\u012f, pagal kur\u012f gal\u0117site sekti savo siuntos kelion\u0119. Atkreipiame d\u0117mes\u012f \u012f tai, kad ne vis\u0173 valstybi\u0173 pa\u0161to tarnybos teikia siunt\u0173 sekimo paslaugas.<\/p>\n<p><b>Kita svarbi informacija<\/b><\/p>\n<p>Pirkimo metu nurodydami preki\u0173 pristatymui b\u016btin\u0105 informacij\u0105, b\u016bkite atid\u016bs ir suveskite teisingus bei tikslius duomenis tam, kad J\u016bs\u0173 prek\u0117s tikrai Jus pasiekt\u0173. Prie\u0161ingu atveju, Jums gali tekti kompensuoti pakartotinio preki\u0173 siuntimo i\u0161laidas.<\/p>\n<p><b>Mokes\u010diai<\/b><\/p>\n<p>Atkreipkite d\u0117mes\u012f \u012f tai, kad siun\u010diant prekes \u012f \u0161alis, kurios n\u0117ra Europos S\u0105jungos nar\u0117s, gali kilti importo ar kit\u0173 muito mokes\u010di\u0173, kuriuos sumok\u0117ti pareiga teks Jums. Prie\u0161 \u012fsigyjant prekes rekomenduojame pasidom\u0117ti vietos institucijose, kokie J\u016bs\u0173 valstyb\u0117s muito ar kiti mokes\u010diai gali b\u016bti taikomi \u012fsigytoms ir siun\u010diamoms prek\u0117ms.<\/p>\n<p><b>\u012e k\u0105 kreiptis, jei turite daugiau klausim\u0173?&nbsp;<\/b><\/p>\n<p>Kilus klausimams kreipkit\u0117s \u012f mus el. pa\u0161tu&nbsp;sales@robi-agnes.com.<\/p>\t\t\t\t\t\t\t\t<\/div>\n\t\t\t\t<\/div>\n\t\t<div class=\"elementor-element elementor-element-402851a e-con-full e-flex e-con e-child\" data-id=\"402851a\" data-element_type=\"container\">\n\t\t\t\t<\/div>\n\t\t\t\t\t<\/div>\n\t\t\t\t<\/div>\n\t\t\t\t<\/div>\n\t\t","protected":false},"excerpt":{"rendered":"<p>Kur pristatome?&nbsp; Prekes pristatome visame pasaulyje. Jeigu www.robi-agnes.com pristatymo pasirinkime nematote norimos pristatymo \u0161alies, kreipkit\u0117s \u012f mus el. pa\u0161tu:&nbsp;sales@robi-agnes.com. Atkreipiame d\u0117mes\u012f, kad d\u0117l susidariusios pasaulin\u0117s situacijos, nesiun\u010diame siunt\u0173 \u012f Rusija ir Baltarusij\u0105. Per kiek laiko i\u0161siun\u010diame? Prekes i\u0161siun\u010diame per 3 darbo dienas nuo apmok\u0117jimo u\u017e prekes \u012fskaitymo \u012f m\u016bs\u0173 s\u0105skait\u0105. Atkreipiame d\u0117mes\u012f, kad kolekcijos paleidimo [&hellip;]<\/p>\n","protected":false},"author":143,"featured_media":0,"parent":0,"menu_order":0,"comment_status":"closed","ping_status":"closed","template":"elementor_header_footer","meta":{"footnotes":""},"class_list":["post-31034","page","type-page","status-publish","hentry"],"_links":{"self":[{"href":"https:\/\/robi.wizardof.digital\/lt\/wp-json\/wp\/v2\/pages\/31034","targetHints":{"allow":["GET"]}}],"collection":[{"href":"https:\/\/robi.wizardof.digital\/lt\/wp-json\/wp\/v2\/pages"}],"about":[{"href":"https:\/\/robi.wizardof.digital\/lt\/wp-json\/wp\/v2\/types\/page"}],"author":[{"embeddable":true,"href":"https:\/\/robi.wizardof.digital\/lt\/wp-json\/wp\/v2\/users\/143"}],"replies":[{"embeddable":true,"href":"https:\/\/robi.wizardof.digital\/lt\/wp-json\/wp\/v2\/comments?post=31034"}],"version-history":[{"count":3,"href":"https:\/\/robi.wizardof.digital\/lt\/wp-json\/wp\/v2\/pages\/31034\/revisions"}],"predecessor-version":[{"id":49134,"href":"https:\/\/robi.wizardof.digital\/lt\/wp-json\/wp\/v2\/pages\/31034\/revisions\/49134"}],"wp:attachment":[{"href":"https:\/\/robi.wizardof.digital\/lt\/wp-json\/wp\/v2\/media?parent=31034"}],"curies":[{"name":"wp","href":"https:\/\/api.w.org\/{rel}","templated":true}]}}