{"id":31038,"date":"2023-07-15T08:56:10","date_gmt":"2023-07-15T05:56:10","guid":{"rendered":"https:\/\/robi-agnes.com\/?page_id=31038"},"modified":"2024-09-10T14:32:25","modified_gmt":"2024-09-10T11:32:25","slug":"grazinimai-ir-keitimai","status":"publish","type":"page","link":"https:\/\/robi.wizardof.digital\/lt\/grazinimai-ir-keitimai\/","title":{"rendered":"Gr\u0105\u017einimai ir keitimai"},"content":{"rendered":"\t\t<div data-elementor-type=\"wp-page\" data-elementor-id=\"31038\" class=\"elementor elementor-31038 elementor-27658\" data-elementor-post-type=\"page\">\n\t\t\t\t<div class=\"elementor-element elementor-element-27d600f e-con-full e-flex e-con e-parent\" data-id=\"27d600f\" data-element_type=\"container\" data-settings=\"{&quot;background_background&quot;:&quot;classic&quot;}\">\n\t\t\t\t<div class=\"elementor-element elementor-element-6529fa98 elementor-widget elementor-widget-heading\" data-id=\"6529fa98\" data-element_type=\"widget\" data-widget_type=\"heading.default\">\n\t\t\t\t\t<h1 class=\"elementor-heading-title elementor-size-default\">Gr\u0105\u017einimai ir keitimai<\/h1>\t\t\t\t<\/div>\n\t\t\t\t<div class=\"elementor-element elementor-element-2728f5b3 elementor-widget elementor-widget-woocommerce-breadcrumb\" data-id=\"2728f5b3\" data-element_type=\"widget\" data-widget_type=\"woocommerce-breadcrumb.default\">\n\t\t\t\t\t<nav class=\"woocommerce-breadcrumb\" aria-label=\"Breadcrumb\">Prad\u017eia<\/nav>\t\t\t\t<\/div>\n\t\t\t\t<\/div>\n\t\t<div class=\"elementor-element elementor-element-b16d18c e-flex e-con-boxed e-con e-parent\" data-id=\"b16d18c\" data-element_type=\"container\">\n\t\t\t\t\t<div class=\"e-con-inner\">\n\t\t<div class=\"elementor-element elementor-element-5b6c004 e-con-full e-flex e-con e-child\" data-id=\"5b6c004\" data-element_type=\"container\">\n\t\t\t\t<\/div>\n\t\t<div class=\"elementor-element elementor-element-99ada8e e-con-full e-flex e-con e-child\" data-id=\"99ada8e\" data-element_type=\"container\">\n\t\t\t\t<div class=\"elementor-element elementor-element-2bcedce elementor-widget elementor-widget-text-editor\" data-id=\"2bcedce\" data-element_type=\"widget\" data-widget_type=\"text-editor.default\">\n\t\t\t\t\t\t\t\t\t<div class=\"wpb_text_column wpb_content_element \"><div class=\"wpb_wrapper\"><p><strong>Per kiek laiko galite gr\u0105\u017einti ar pakeisti \u012fsigyt\u0105 kokybi\u0161k\u0105 prek\u0119?<\/strong><\/p><p>\u012esigyt\u0105 prek\u0119 gr\u0105\u017einti ar pakeisti galite per 14 kalendorini\u0173 dien\u0173 nuo prek\u0117s gavimo dienos.<\/p><p><strong>Koki\u0105 prek\u0119 galite gr\u0105\u017einti ar pakeisti?<\/strong><\/p><p>Gr\u0105\u017einti ar pakeisti galite tik prek\u0119, \u012fsigyt\u0105 ROBI AGNES studijoje arba \u0161ioje www.robi-agnes.com el. parduotuv\u0117je. Jeigu m\u016bs\u0173 prek\u0119 \u012fsigijote kitoje parduotuv\u0117je\/el. parduotuv\u0117je, d\u0117l jos gr\u0105\u017einimo ar pakeitimo turite kreiptis \u012f parduotuv\u0119, kurioje j\u0105 pirkote.<\/p><p>Gr\u0105\u017einant ar kei\u010diant prek\u0119, privalote laikytis \u0161i\u0173 s\u0105lyg\u0173:<\/p><ul><li>prek\u0117s bei \u012fpakavimo i\u0161vaizda i\u0161 esm\u0117s nepasikeit\u0117;<\/li><li>prek\u0117 nebuvo naudota, i\u0161purvinta ir (arba) sugadinta, komplektacija yra pilna;<\/li><li>nuo prek\u0117s nebuvo nuimtos originalios etiket\u0117s;<\/li><li>J\u016bs turite prek\u0117s \u012fsigijimo dokument\u0105.<\/li><\/ul><p>Nesilaikius bent vienos i\u0161 auk\u0161\u010diau nurodyt\u0173 s\u0105lyg\u0173, taip pat jeigu J\u016bs norite gr\u0105\u017einti ar pakeisti prek\u0119 pra\u0117jus daugiau nei 14 kalendorini\u0173 dien\u0173 nuo prek\u0117s pristatymo dienos, prek\u0117s priimti negalime.<\/p><p>Jeigu yra gr\u0105\u017einama komplekto dalis, pinigai gr\u0105\u017einami i\u0161skai\u010diavus komplekto tos dalies kain\u0105.<\/p><p><strong>Kokia yra kokybi\u0161kos prek\u0117s gr\u0105\u017einimo proced\u016bra?<\/strong><\/p><p>Nor\u0117dami gr\u0105\u017einti prek\u0119, pateikite informacij\u0105 \u010dia:<\/p><\/div><\/div>\t\t\t\t\t\t\t\t<\/div>\n\t\t\t\t<div class=\"elementor-element elementor-element-44f8cd95 elementor-widget elementor-widget-button\" data-id=\"44f8cd95\" data-element_type=\"widget\" data-widget_type=\"button.default\">\n\t\t\t\t\t\t\t\t\t\t<a class=\"elementor-button elementor-button-link elementor-size-sm\" href=\"https:\/\/robi-agnes.com\/request-to-refund-exchange\/\">\n\t\t\t\t\t\t<span class=\"elementor-button-content-wrapper\">\n\t\t\t\t\t\t\t\t\t<span class=\"elementor-button-text\">NORIU GR\u0104\u017dINTI PREK\u0118<\/span>\n\t\t\t\t\t<\/span>\n\t\t\t\t\t<\/a>\n\t\t\t\t\t\t\t\t<\/div>\n\t\t\t\t<div class=\"elementor-element elementor-element-29b98afe elementor-widget elementor-widget-text-editor\" data-id=\"29b98afe\" data-element_type=\"widget\" data-widget_type=\"text-editor.default\">\n\t\t\t\t\t\t\t\t\t<div class=\"wpb_text_column wpb_content_element \"><div class=\"wpb_wrapper\">\u00a0<\/div><\/div><div class=\"wpb_text_column wpb_content_element \"><div class=\"wpb_wrapper\"><p>Supakuota prek\u0117 turi b\u016bti gr\u0105\u017einta kurjeri\u0173 pagalba arba u\u017eve\u017eant patiems tiesiai m\u016bs\u0173 adresu: UAB ROBI AGNES, A. Juozapavi\u010diaus g. 9A-179, 09311 Vilnius, Lietuva, +37061280737. Arba gr\u0105\u017einimas gali b\u016bti nukreiptas \u012f bet kur\u012f pa\u0161tomat\u0105, esant\u012f CUP prekybos centre &#8211; Up\u0117s g. 9, Vilnius, 09308 Vilniaus m. sav., Lietuva.<\/p><p>Gr\u0105\u017einimo siuntimo ka\u0161tus padengia klientas.<\/p><p>Gr\u0105\u017einimai Lietuvos Pa\u0161tu nepriimami (i\u0161skyrus siun\u010diant ne i\u0161 Lietuvos).<\/p><p>Gav\u0119 gr\u0105\u017einam\u0105 prek\u0119 ir pra\u0161ym\u0105 gr\u0105\u017einti pinigus, per 14 kalendorini\u0173 dien\u0173 pervedame Jums u\u017e prek\u0119 sumok\u0117tus pinigus \u012f J\u016bs\u0173 pra\u0161yme nurodyt\u0105 banko ar Paypal s\u0105skait\u0105.<\/p><p><strong>Kokia yra prek\u0117s keitimo \u012f kit\u0105 prek\u0119 proced\u016bra?<\/strong><\/p><p>Nor\u0117dami pakeisti kokybi\u0161k\u0105 prek\u0119 kita, pateikite informacij\u0105 \u010dia:<\/p><\/div><\/div>\t\t\t\t\t\t\t\t<\/div>\n\t\t\t\t<div class=\"elementor-element elementor-element-5fcf3da3 elementor-widget elementor-widget-button\" data-id=\"5fcf3da3\" data-element_type=\"widget\" data-widget_type=\"button.default\">\n\t\t\t\t\t\t\t\t\t\t<a class=\"elementor-button elementor-button-link elementor-size-sm\" href=\"https:\/\/robi-agnes.com\/request-to-refund-exchange\/\">\n\t\t\t\t\t\t<span class=\"elementor-button-content-wrapper\">\n\t\t\t\t\t\t\t\t\t<span class=\"elementor-button-text\">NORIU APKEISTI PREK\u0118<\/span>\n\t\t\t\t\t<\/span>\n\t\t\t\t\t<\/a>\n\t\t\t\t\t\t\t\t<\/div>\n\t\t\t\t<div class=\"elementor-element elementor-element-4131d9cc elementor-widget elementor-widget-text-editor\" data-id=\"4131d9cc\" data-element_type=\"widget\" data-widget_type=\"text-editor.default\">\n\t\t\t\t\t\t\t\t\t<div class=\"wpb_text_column wpb_content_element \">\u00a0<\/div><div class=\"wpb_text_column wpb_content_element \"><div class=\"wpb_wrapper\"><p>Gav\u0119 m\u016bs\u0173 patvirtinim\u0105 apie tai, kad turime J\u016bs\u0173 pageidaujamos spalvos ar dyd\u017eio prek\u0119, kuo skubiau gr\u0105\u017einate norim\u0105 pakeisti prek\u0119 m\u016bs\u0173 nurodytu adresu. Gav\u0119 \u0161i\u0105 prek\u0119, mes per 3 darbo dienas i\u0161siun\u010diame Jums nauj\u0105j\u0105 pageidaujamo dyd\u017eio ar spalvos prek\u0119.<\/p><p><strong>Kas apmoka kokybi\u0161kos prek\u0117s gr\u0105\u017einimo ar keitimo i\u0161laidas?<\/strong><\/p><p>Jeigu gr\u0105\u017einate kokybi\u0161k\u0105 prek\u0119, jos gr\u0105\u017einimu m\u016bs\u0173 nurodytu adresu r\u016bpinat\u0117s bei visas gr\u0105\u017einimo i\u0161laidas apmokate J\u016bs. Banko ar kitus mokes\u010dius, susijusius su pinig\u0173 \u012f J\u016bs\u0173 banko s\u0105skait\u0105 gr\u0105\u017einimu, taip pat dengiate J\u016bs.<\/p><p>Jeigu \u012fsigyt\u0105 kokybi\u0161k\u0105 prek\u0119 norite pakeisti kita preke, kei\u010diamos prek\u0117s gr\u0105\u017einimo m\u016bs\u0173 nurodytu adresu r\u016bpinat\u0117s bei visas siuntimo i\u0161laidas apmokate J\u016bs.<\/p><p><strong>Kokia yra nekokybi\u0161kos prek\u0117s keitimo \u012f kokybi\u0161k\u0105 prek\u0119 proced\u016bra?<\/strong><\/p><p>Gav\u0119 nekokybi\u0161k\u0105 prek\u0119, turite kreiptis \u012f mus el. pa\u0161to adresu\u00a0<a class=\"text-link\" href=\"mailto:sales@robi-agnes.com\">sales@robi-agnes.com<\/a>, nurodydami informacij\u0105 apie gaut\u0105 nekokybi\u0161k\u0105 prek\u0119.<\/p><p>Supakav\u0119 prek\u0119 gr\u0105\u017einate j\u0105 mums adresu: UAB ROBI AGNES, A. Juozapavi\u010diaus g. 9A-179, 09311 Vilnius, Lietuva, +37061280737.<\/p><p>Gav\u0119 gr\u0105\u017eint\u0105 nekokybi\u0161k\u0105 prek\u0119 mes patikriname j\u0105 ir nustat\u0119, kad gr\u0105\u017einta prek\u0117 yra nekokybi\u0161ka, per 3 darbo dienas i\u0161siun\u010diame Jums analogi\u0161k\u0105 kokybi\u0161k\u0105 prek\u0119.<\/p><p>Tuo atveju, jeigu mes neturime J\u016bs\u0173 \u012fsigytos prek\u0117s spalvos ar dyd\u017eio, o J\u016bs nepageidaujate \u012fsigyti kito modelio prek\u0117s, tada ne v\u0117liau kaip per 5 kalendorines dienas gr\u0105\u017einame Jums vis\u0105 pinig\u0173 sum\u0105, sumok\u0117t\u0105 u\u017e nekokybi\u0161k\u0105 prek\u0119.<\/p><p><strong>Kas apmoka nekokybi\u0161kos prek\u0117s gr\u0105\u017einimo ir keitimo i\u0161laidas?<\/strong><\/p><p>Jeigu gr\u0105\u017einate ar kei\u010diate nekokybi\u0161k\u0105 prek\u0119, jos gr\u0105\u017einimo bei keitimo i\u0161laidas dengiame mes.<\/p><p><strong>\u012e k\u0105 kreiptis, jei turite daugiau klausim\u0173?<\/strong><\/p><p>Kreipkit\u0117s \u012f mus el. pa\u0161tu\u00a0<a class=\"text-link\" href=\"mailto:sales@robi-agnes.com\">sales@robi-agnes.com<\/a>.<\/p><\/div><\/div>\t\t\t\t\t\t\t\t<\/div>\n\t\t\t\t<\/div>\n\t\t<div class=\"elementor-element elementor-element-7c8d157 e-con-full e-flex e-con e-child\" data-id=\"7c8d157\" data-element_type=\"container\">\n\t\t\t\t<\/div>\n\t\t\t\t\t<\/div>\n\t\t\t\t<\/div>\n\t\t\t\t<\/div>\n\t\t","protected":false},"excerpt":{"rendered":"<p>Per kiek laiko galite gr\u0105\u017einti ar pakeisti \u012fsigyt\u0105 kokybi\u0161k\u0105 prek\u0119? \u012esigyt\u0105 prek\u0119 gr\u0105\u017einti ar pakeisti galite per 14 kalendorini\u0173 dien\u0173 nuo prek\u0117s gavimo dienos. Koki\u0105 prek\u0119 galite gr\u0105\u017einti ar pakeisti? Gr\u0105\u017einti ar pakeisti galite tik prek\u0119, \u012fsigyt\u0105 ROBI AGNES studijoje arba \u0161ioje www.robi-agnes.com el. parduotuv\u0117je. Jeigu m\u016bs\u0173 prek\u0119 \u012fsigijote kitoje parduotuv\u0117je\/el. parduotuv\u0117je, d\u0117l jos gr\u0105\u017einimo [&hellip;]<\/p>\n","protected":false},"author":143,"featured_media":0,"parent":0,"menu_order":0,"comment_status":"closed","ping_status":"closed","template":"elementor_header_footer","meta":{"footnotes":""},"class_list":["post-31038","page","type-page","status-publish","hentry"],"_links":{"self":[{"href":"https:\/\/robi.wizardof.digital\/lt\/wp-json\/wp\/v2\/pages\/31038","targetHints":{"allow":["GET"]}}],"collection":[{"href":"https:\/\/robi.wizardof.digital\/lt\/wp-json\/wp\/v2\/pages"}],"about":[{"href":"https:\/\/robi.wizardof.digital\/lt\/wp-json\/wp\/v2\/types\/page"}],"author":[{"embeddable":true,"href":"https:\/\/robi.wizardof.digital\/lt\/wp-json\/wp\/v2\/users\/143"}],"replies":[{"embeddable":true,"href":"https:\/\/robi.wizardof.digital\/lt\/wp-json\/wp\/v2\/comments?post=31038"}],"version-history":[{"count":0,"href":"https:\/\/robi.wizardof.digital\/lt\/wp-json\/wp\/v2\/pages\/31038\/revisions"}],"wp:attachment":[{"href":"https:\/\/robi.wizardof.digital\/lt\/wp-json\/wp\/v2\/media?parent=31038"}],"curies":[{"name":"wp","href":"https:\/\/api.w.org\/{rel}","templated":true}]}}