{"id":42512,"date":"2023-07-20T21:14:24","date_gmt":"2023-07-20T18:14:24","guid":{"rendered":"https:\/\/robi-agnes.com\/robi-agnes-iesko-taves\/"},"modified":"2025-04-07T10:35:41","modified_gmt":"2025-04-07T07:35:41","slug":"robi-agnes-iesko-taves","status":"publish","type":"page","link":"https:\/\/robi.wizardof.digital\/lt\/robi-agnes-iesko-taves\/","title":{"rendered":"ROBI AGNES IE\u0160KO TAV\u0118S"},"content":{"rendered":"<p><strong>ROBI AGNES ie\u0161ko MARKETINGO IR KOMUNIKACIJOS SPECIALISTO\/-\u0116S!<\/strong><\/p>\n<p><u>Tavo pagrindin\u0117s atsakomyb\u0117s ROBI AGNES komandoje:<\/u><\/p>\n<ul>\n<li>\n<p>\u012fmon\u0117s i\u0161orin\u0117s komunikacijos strategijos k\u016brimas ir \u012fgyvendinimas;<\/p>\n<\/li>\n<li>\n<p>ra\u0161ytin\u0117s informacijos i\u0161orinei komunikacijai rengimas bei sklaidos vykdymas \u012fvairiuose socialiniuose kanaluose;<\/p>\n<\/li>\n<li>\n<p>prek\u0117s \u017eenklo socialini\u0173 tinkl\u0173 paskyr\u0173 administravimas (tekstinio bei vizualinio turinio planavimas, k\u016brimas, vie\u0161inimas bei rezultat\u0173 analiz\u0117);<\/p>\n<\/li>\n<li>\n<p>Google Ads ir Facebook Ads reklamini\u0173 kampanij\u0173 med\u017eiagos k\u016brimas ir maketavimas pagal pateiktas gaires;<\/p>\n<\/li>\n<li>\n<p>naujienlai\u0161ki\u0173, baneri\u0173 bei kitos reklamin\u0117s med\u017eiagos k\u016brimas ir maketavimas;<\/p>\n<\/li>\n<li>\n<p>Bendravimas su \u012fmon\u0117s partneriais, nuomon\u0117s formuotojais d\u0117l prek\u0117s \u017eenklo komunikacijos \u012fgyvendinimo;<\/p>\n<\/li>\n<li>\n<p>fotosesij\u0173 organizavimas.<\/p>\n<\/li>\n<\/ul>\n<p>\u00a0<\/p>\n<p><u>Tikim\u0117s, kad tu:<\/u><\/p>\n<ul>\n<li>\n<p>Esi k\u016brybi\u0161ka, iniciatyvi, atidi ir pozityvi asmenyb\u0117;<\/p>\n<\/li>\n<li>\n<p>Skland\u017eiai ir taisyklingai d\u0117lioji mintis lietuvi\u0173 ir angl\u0173 kalbomis (tiek \u017eod\u017eiu, tiek ra\u0161tu);<\/p>\n<\/li>\n<li>\n<p>Turi turinio k\u016brimo patirt\u012f (ra\u0161ytinio bei vizualinio), bent 2-3 metai;<\/p>\n<\/li>\n<li>\n<p>Turi socialini\u0173 medij\u0173 valdymo patirt\u012f;<\/p>\n<\/li>\n<li>\n<p>Dirbi su vizualinio turinio k\u016brimo programomis (Canva, Adobe Photoshop, Adobe InDesign, Adobe Illustrator ar kt.);<\/p>\n<\/li>\n<li>\n<p>Esi \u012fvald\u017eiusi\/-\u0119s ChatGPT \u012frank\u012f;<\/p>\n<\/li>\n<li>\n<p>Turi Google Ads ir Facebook Ads reklamini\u0173 kampanij\u0173 \u012fgyvendinimo \u012fg\u016bd\u017ei\u0173 &#8211; tai b\u016bt\u0173 privalumas.<\/p>\n<\/li>\n<\/ul>\n<p>\u00a0<\/p>\n<p><u>Mes tau si\u016blome:<\/u><\/p>\n<ul>\n<li>\n<p>Viso etato darbo laik\u0105;<\/p>\n<\/li>\n<li>\n<p>800 \u2013 1000 eur (atskai\u010dius mokes\u010dius) darbo u\u017emokest\u012f (priklausomai nuo patirties ir geb\u0117jim\u0173);<\/p>\n<\/li>\n<li>\n<p>Atsaking\u0105, dinami\u0161k\u0105 bei \u012fdom\u0173 darb\u0105;<\/p>\n<\/li>\n<li>\n<p>Socialines garantijas;<\/p>\n<\/li>\n<li>\n<p>Darbo viet\u0105 Vilniaus centre bei galimyb\u0119 ateityje dal\u012f laiko dirbti nuotoliniu b\u016bdu.<\/p>\n<\/li>\n<\/ul>\n<p>\u00a0<\/p>\n<p><strong>CV ir nuorod\u0173 \u012f turinio k\u016brimo pavyzd\u017eius lauksime iki gegu\u017e\u0117s 19 dienos el.pa\u0161tu:\u00a0<a href=\"mailto:sales@robi-agnes.com\" target=\"_blank\" rel=\"noopener\">sales@robi-agnes.com<\/a><\/strong><\/p>\n<p><strong>ROBI AGNES ie\u0161ko PARDAVIM\u0172 SPECIALISTO\/-\u0116S!<\/strong><\/p>\n<p><u>Tavo pagrindin\u0117s atsakomyb\u0117s ROBI AGNES komandoje:<\/u><\/p>\n<ul>\n<li>Klient\u0173 ir lankytoj\u0173 pri\u0117mimas ROBI AGNES studijoje;\u00a0<\/li>\n<li>U\u017esakym\u0173 administravimas, siunt\u0173 ruo\u0161imas, pakavimas ir siuntimas;<\/li>\n<li>Komunikacija su klientais el. pa\u0161tu, telefonu ir socialin\u0117s medijos tinkl\u0173 \u017einut\u0117mis;<\/li>\n<li>Sand\u0117lio tvarkos palaikymas ir administravimas;<\/li>\n<li>Darbas su WordPress platforma administruojant el. parduotuv\u0117s pardavimus;<\/li>\n<li>Tiesiogin\u0117 pagalba pardavim\u0173 vadovei.<\/li>\n<\/ul>\n<p><u>Tikim\u0117s, kad tu:<\/u><\/p>\n<ul>\n<li>Esi iniciatyvi, atidi detal\u0117ms, atsakinga ir pozityvi asmenyb\u0117;<\/li>\n<li>Skland\u017eiai ir taisyklingai d\u0117lioji mintis lietuvi\u0173 ir angl\u0173 kalbomis (tiek \u017eod\u017eiu, tiek ra\u0161tu);<\/li>\n<li>Gebi suderinti kelias u\u017eduotis vienu metu, nusistatyti\u00a0prioritetus, orientacija \u012f rezultat\u0105;<\/li>\n<li>Turi gerus kompiuterinio ra\u0161tingumo \u012fg\u016bd\u017eius;<\/li>\n<li>Turi pardavim\u0173 valdymo patirties (b\u016bt\u0173 privalumas);<\/li>\n<li>Turi socialini\u0173 medij\u0173 valdymo bei internetin\u0117s svetain\u0117s administravimo patirt\u012f (b\u016bt\u0173 privalumas).<\/li>\n<\/ul>\n<p><u>Mes tau si\u016blome:<\/u><\/p>\n<ul>\n<li>pilno etato darbo laik\u0105 fiksuotomis valandomis \u0161iokiadieniais &#8211; 9-18:00 su vienos valandos piet\u0173 pertrauka;<\/li>\n<li>700 \u2013 1000 EUR (atskai\u010dius mokes\u010dius) darbo u\u017emokest\u012f (priklausomai nuo \u012fg\u016bd\u017ei\u0173, motyvacijos ir kompetencij\u0173);<\/li>\n<li>Atsaking\u0105, dinami\u0161k\u0105\u00a0bei \u012fdom\u0173 darb\u0105 su galimybe augti profesin\u0117je srityje;<\/li>\n<li>Socialines garantijas;<\/li>\n<li>Laiku mokam\u0105 atlyginim\u0105;<\/li>\n<li>Darbo viet\u0105 Vilniaus centre.<\/li>\n<\/ul>\n<p>CV lauksime el. pa\u0161tu: <a href=\"mailto:sales@robi-agnes.com\">sales@robi-agnes.com<\/a><\/p>\n","protected":false},"excerpt":{"rendered":"<p>ROBI AGNES ie\u0161ko MARKETINGO IR KOMUNIKACIJOS SPECIALISTO\/-\u0116S! Tavo pagrindin\u0117s atsakomyb\u0117s ROBI AGNES komandoje: \u012fmon\u0117s i\u0161orin\u0117s komunikacijos strategijos k\u016brimas ir \u012fgyvendinimas; ra\u0161ytin\u0117s informacijos i\u0161orinei komunikacijai rengimas bei sklaidos vykdymas \u012fvairiuose socialiniuose kanaluose; prek\u0117s \u017eenklo socialini\u0173 tinkl\u0173 paskyr\u0173 administravimas (tekstinio bei vizualinio turinio planavimas, k\u016brimas, vie\u0161inimas bei rezultat\u0173 analiz\u0117); Google Ads ir Facebook Ads reklamini\u0173 kampanij\u0173 med\u017eiagos [&hellip;]<\/p>\n","protected":false},"author":143,"featured_media":30832,"parent":0,"menu_order":0,"comment_status":"closed","ping_status":"closed","template":"elementor_header_footer","meta":{"footnotes":""},"class_list":["post-42512","page","type-page","status-publish","has-post-thumbnail","hentry"],"_links":{"self":[{"href":"https:\/\/robi.wizardof.digital\/lt\/wp-json\/wp\/v2\/pages\/42512","targetHints":{"allow":["GET"]}}],"collection":[{"href":"https:\/\/robi.wizardof.digital\/lt\/wp-json\/wp\/v2\/pages"}],"about":[{"href":"https:\/\/robi.wizardof.digital\/lt\/wp-json\/wp\/v2\/types\/page"}],"author":[{"embeddable":true,"href":"https:\/\/robi.wizardof.digital\/lt\/wp-json\/wp\/v2\/users\/143"}],"replies":[{"embeddable":true,"href":"https:\/\/robi.wizardof.digital\/lt\/wp-json\/wp\/v2\/comments?post=42512"}],"version-history":[{"count":1,"href":"https:\/\/robi.wizardof.digital\/lt\/wp-json\/wp\/v2\/pages\/42512\/revisions"}],"predecessor-version":[{"id":49688,"href":"https:\/\/robi.wizardof.digital\/lt\/wp-json\/wp\/v2\/pages\/42512\/revisions\/49688"}],"wp:featuredmedia":[{"embeddable":true,"href":"https:\/\/robi.wizardof.digital\/lt\/wp-json\/wp\/v2\/media\/30832"}],"wp:attachment":[{"href":"https:\/\/robi.wizardof.digital\/lt\/wp-json\/wp\/v2\/media?parent=42512"}],"curies":[{"name":"wp","href":"https:\/\/api.w.org\/{rel}","templated":true}]}}