{"id":44712,"date":"2024-09-21T11:50:41","date_gmt":"2024-09-21T08:50:41","guid":{"rendered":"https:\/\/robi-agnes.com\/shop\/uncategorized\/sophie-kelniu-ir-isa-megztinio-komplektas\/"},"modified":"2024-09-27T17:42:56","modified_gmt":"2024-09-27T14:42:56","slug":"sophie-kelniu-ir-isa-megztinio-komplektas","status":"publish","type":"product","link":"https:\/\/robi.wizardof.digital\/lt\/shop\/komplektai\/sophie-kelniu-ir-isa-megztinio-komplektas\/","title":{"rendered":"&#8216;Sophie&#8217; kelni\u0173 ir &#8216;Isa&#8217; megztinio komplektas"},"content":{"rendered":"<p>&#8216;Isa&#8217; megztinis: 75 % alpaka (neda\u017eyta), 25 % poliamidas;<\/p>\n<p>&#8216;Sophie&#8217; keln\u0117s: 100 % vilna.<\/p>\n<p>&nbsp;<\/p>\n<p><em>MEGZTINIS:<\/em><\/p>\n<p>S: ilgis \u2013 57 cm, kr\u016btin\u0117s apimtis \u2013 100 cm, klub\u0173 apimtis \u2013 88 cm, rankov\u0117s ilgis* \u2013 69 cm, rie\u0161o apimtis \u2013 20 cm;<\/p>\n<p>M:<\/p>\n<p>L: ilgis \u2013 62 cm, kr\u016btin\u0117s apimtis \u2013 114 cm, klub\u0173 apimtis \u2013 96 cm, rankov\u0117s ilgis* \u2013 71 cm, rie\u0161o apimtis \u2013 22 cm.<\/p>\n<p><em>KELN\u0116S:<\/em><\/p>\n<p>XS: ilgis \u2013 108 cm, klubai \u2013 79 cm, liemuo \u2013 71 cm;<\/p>\n<p>S: ilgis \u2013 110 cm, klubai \u2013 82 cm, liemuo \u2013 74 cm;<\/p>\n<p>M: ilgis \u2013 113 cm, klubai \u2013 92 cm, liemuo \u2013 80 cm;<\/p>\n<p>L: ilgis \u2013 117 cm, klubai \u2013 100 cm, liemuo \u2013 84 cm;<\/p>\n<p>&nbsp;<\/p>\n<p>Modelis nuotraukoje yra 170 cm \u016bgio ir d\u0117vi S dyd\u012f.<\/p>\n<p>*matuojant nuo apykakl\u0117s iki rie\u0161o.<\/p>\n<p>**Megztinio i\u0161matavimai yra apytiksliai ir gali skirtis iki 4cm kiekvienam gaminiui.<\/p>\n","protected":false},"excerpt":{"rendered":"<p>&#8216;Isa&#8217; megztinis: 75 % alpaka (neda\u017eyta), 25 % poliamidas; &#8216;Sophie&#8217; keln\u0117s: 100 % vilna. &nbsp; MEGZTINIS: S: ilgis \u2013 57 cm, kr\u016btin\u0117s apimtis \u2013 100 cm, klub\u0173 apimtis \u2013 88 cm, rankov\u0117s ilgis* \u2013 69 cm, rie\u0161o apimtis \u2013 20 cm; M: L: ilgis \u2013 62 cm, kr\u016btin\u0117s apimtis \u2013 114 cm, klub\u0173 apimtis \u2013 [&hellip;]<\/p>\n","protected":false},"featured_media":44543,"template":"","meta":[],"product_brand":[],"product_cat":[360,358],"product_tag":[],"class_list":{"0":"post-44712","1":"product","2":"type-product","3":"status-publish","4":"has-post-thumbnail","6":"product_cat-naujienos","7":"product_cat-komplektai","9":"first","10":"outofstock","11":"sale","12":"taxable","13":"shipping-taxable","14":"purchasable","15":"product-type-woosb"},"_links":{"self":[{"href":"https:\/\/robi.wizardof.digital\/lt\/wp-json\/wp\/v2\/product\/44712","targetHints":{"allow":["GET"]}}],"collection":[{"href":"https:\/\/robi.wizardof.digital\/lt\/wp-json\/wp\/v2\/product"}],"about":[{"href":"https:\/\/robi.wizardof.digital\/lt\/wp-json\/wp\/v2\/types\/product"}],"wp:featuredmedia":[{"embeddable":true,"href":"https:\/\/robi.wizardof.digital\/lt\/wp-json\/wp\/v2\/media\/44543"}],"wp:attachment":[{"href":"https:\/\/robi.wizardof.digital\/lt\/wp-json\/wp\/v2\/media?parent=44712"}],"wp:term":[{"taxonomy":"product_brand","embeddable":true,"href":"https:\/\/robi.wizardof.digital\/lt\/wp-json\/wp\/v2\/product_brand?post=44712"},{"taxonomy":"product_cat","embeddable":true,"href":"https:\/\/robi.wizardof.digital\/lt\/wp-json\/wp\/v2\/product_cat?post=44712"},{"taxonomy":"product_tag","embeddable":true,"href":"https:\/\/robi.wizardof.digital\/lt\/wp-json\/wp\/v2\/product_tag?post=44712"}],"curies":[{"name":"wp","href":"https:\/\/api.w.org\/{rel}","templated":true}]}}