{"id":45315,"date":"2024-09-25T20:31:27","date_gmt":"2024-09-25T17:31:27","guid":{"rendered":"https:\/\/robi-agnes.com\/shop\/uncategorized\/sophie-kelniu-ir-lina-palaidines-komplektas\/"},"modified":"2024-09-27T17:43:37","modified_gmt":"2024-09-27T14:43:37","slug":"sophie-kelniu-ir-lina-palaidines-komplektas","status":"publish","type":"product","link":"https:\/\/robi.wizardof.digital\/lt\/shop\/moterims\/sophie-kelniu-ir-lina-palaidines-komplektas\/","title":{"rendered":"&#8216;Sophie&#8217; kelni\u0173 ir &#8216;Lina&#8217; palaidin\u0117s komplektas"},"content":{"rendered":"<p>&#8216;Lina&#8217; palaidin\u0117: <span data-sheets-value=\"{&quot;1&quot;:2,&quot;2&quot;:&quot;10 % cashmere, 90 % woolnnXS: length \u2013 62 cm, bust \u2013 102 cm,\u00a0hips \u2013 78 cm, sleeve length* \u2013 65 cm, biceps \u2013 32 cm, wrist \u2013 17 cmnnS: length \u2013 64 cm, bust \u2013 109 cm,\u00a0hips \u2013 85 cm, sleeve length* \u2013 67 cm, biceps \u2013 32 cm, wrist \u2013 18 cmnnM: length \u2013 66 cm,\u00a0bust \u2013 114 cm,\u00a0hips \u2013 88 cm, sleeve length* \u2013 67 cm, biceps \u2013 34 cm, wrist \u2013 19 cmnnthe shown model is 178 cm tall and is wearing size Sn* measured from the collar line to the wrist&quot;}\" data-sheets-userformat=\"{&quot;2&quot;:9149,&quot;3&quot;:{&quot;1&quot;:0},&quot;5&quot;:{&quot;1&quot;:[{&quot;1&quot;:2,&quot;2&quot;:0,&quot;5&quot;:{&quot;1&quot;:2,&quot;2&quot;:0}},{&quot;1&quot;:0,&quot;2&quot;:0,&quot;3&quot;:3},{&quot;1&quot;:1,&quot;2&quot;:0,&quot;4&quot;:1}]},&quot;6&quot;:{&quot;1&quot;:[{&quot;1&quot;:2,&quot;2&quot;:0,&quot;5&quot;:{&quot;1&quot;:2,&quot;2&quot;:0}},{&quot;1&quot;:0,&quot;2&quot;:0,&quot;3&quot;:3},{&quot;1&quot;:1,&quot;2&quot;:0,&quot;4&quot;:1}]},&quot;7&quot;:{&quot;1&quot;:[{&quot;1&quot;:2,&quot;2&quot;:0,&quot;5&quot;:{&quot;1&quot;:2,&quot;2&quot;:0}},{&quot;1&quot;:0,&quot;2&quot;:0,&quot;3&quot;:3},{&quot;1&quot;:1,&quot;2&quot;:0,&quot;4&quot;:1}]},&quot;8&quot;:{&quot;1&quot;:[{&quot;1&quot;:2,&quot;2&quot;:0,&quot;5&quot;:{&quot;1&quot;:2,&quot;2&quot;:0}},{&quot;1&quot;:0,&quot;2&quot;:0,&quot;3&quot;:3},{&quot;1&quot;:1,&quot;2&quot;:0,&quot;4&quot;:1}]},&quot;10&quot;:1,&quot;11&quot;:4,&quot;12&quot;:0,&quot;16&quot;:9}\">100% merino vilna<\/span>;<\/p>\n<p>&#8216;Sophie&#8217; keln\u0117s: 100 % vilna.<\/p>\n<p>&nbsp;<\/p>\n<p><em>PALAIDIN\u0116:<\/em><\/p>\n<p>S: ilgis \u2013 62 cm, kr\u016btin\u0117s apimtis \u2013 80 cm, klub\u0173 apimtis \u2013 86 cm, rankov\u0117s ilgis \u2013 62 cm, rie\u0161o apimtis \u2013 18 cm;<\/p>\n<p>M: ilgis \u2013 63 cm, kr\u016btin\u0117s apimtis \u2013 84 cm, klub\u0173 apimtis \u2013 88 cm, rankov\u0117s ilgis \u2013 63 cm, rie\u0161o apimtis \u2013 18 cm;<\/p>\n<p>M: ilgis \u2013 65 cm, kr\u016btin\u0117s apimtis \u2013 96 cm, klub\u0173 apimtis \u2013 98 cm, rankov\u0117s ilgis \u2013 63 cm, rie\u0161o apimtis \u2013 21 cm.<\/p>\n<p><em>KELN\u0116S:<\/em><\/p>\n<p>XS: ilgis \u2013 108 cm, klubai \u2013 79 cm, liemuo \u2013 71 cm;<\/p>\n<p>S: ilgis \u2013 110 cm, klubai \u2013 82 cm, liemuo \u2013 74 cm;<\/p>\n<p>M: ilgis \u2013 113 cm, klubai \u2013 92 cm, liemuo \u2013 80 cm;<\/p>\n<p>L: ilgis \u2013 117 cm, klubai \u2013 100 cm, liemuo \u2013 84 cm;<\/p>\n<p>&nbsp;<\/p>\n<p>Modelis nuotraukoje yra 170 cm \u016bgio ir d\u0117vi S dyd\u012f.<\/p>\n<p>*matuojant nuo apykakl\u0117s iki rie\u0161o.<\/p>\n<p>**Megztinio i\u0161matavimai yra apytiksliai ir gali skirtis iki 4cm kiekvienam gaminiui.<\/p>\n","protected":false},"excerpt":{"rendered":"<p>&#8216;Lina&#8217; palaidin\u0117: 100% merino vilna; &#8216;Sophie&#8217; keln\u0117s: 100 % vilna. &nbsp; PALAIDIN\u0116: S: ilgis \u2013 62 cm, kr\u016btin\u0117s apimtis \u2013 80 cm, klub\u0173 apimtis \u2013 86 cm, rankov\u0117s ilgis \u2013 62 cm, rie\u0161o apimtis \u2013 18 cm; M: ilgis \u2013 63 cm, kr\u016btin\u0117s apimtis \u2013 84 cm, klub\u0173 apimtis \u2013 88 cm, rankov\u0117s ilgis \u2013 [&hellip;]<\/p>\n","protected":false},"featured_media":44317,"template":"","meta":[],"product_brand":[],"product_cat":[321,360,358],"product_tag":[],"class_list":{"0":"post-45315","1":"product","2":"type-product","3":"status-publish","4":"has-post-thumbnail","6":"product_cat-moterims","7":"product_cat-naujienos","8":"product_cat-komplektai","10":"first","11":"outofstock","12":"sale","13":"taxable","14":"shipping-taxable","15":"purchasable","16":"product-type-woosb"},"_links":{"self":[{"href":"https:\/\/robi.wizardof.digital\/lt\/wp-json\/wp\/v2\/product\/45315","targetHints":{"allow":["GET"]}}],"collection":[{"href":"https:\/\/robi.wizardof.digital\/lt\/wp-json\/wp\/v2\/product"}],"about":[{"href":"https:\/\/robi.wizardof.digital\/lt\/wp-json\/wp\/v2\/types\/product"}],"wp:featuredmedia":[{"embeddable":true,"href":"https:\/\/robi.wizardof.digital\/lt\/wp-json\/wp\/v2\/media\/44317"}],"wp:attachment":[{"href":"https:\/\/robi.wizardof.digital\/lt\/wp-json\/wp\/v2\/media?parent=45315"}],"wp:term":[{"taxonomy":"product_brand","embeddable":true,"href":"https:\/\/robi.wizardof.digital\/lt\/wp-json\/wp\/v2\/product_brand?post=45315"},{"taxonomy":"product_cat","embeddable":true,"href":"https:\/\/robi.wizardof.digital\/lt\/wp-json\/wp\/v2\/product_cat?post=45315"},{"taxonomy":"product_tag","embeddable":true,"href":"https:\/\/robi.wizardof.digital\/lt\/wp-json\/wp\/v2\/product_tag?post=45315"}],"curies":[{"name":"wp","href":"https:\/\/api.w.org\/{rel}","templated":true}]}}